{"id":431670,"date":"2019-10-04T16:27:47","date_gmt":"2019-10-04T16:27:47","guid":{"rendered":"https:\/\/hlncaxea.a2hosted.com\/?post_type=product&#038;p=431670"},"modified":"2025-09-22T20:44:55","modified_gmt":"2025-09-22T20:44:55","slug":"deckenleuchte-in-led-industrieausfuhrung-einzeln-7w-dimmbar-2","status":"publish","type":"product","link":"https:\/\/ledshoponline.be\/de\/shop\/producten\/armaturen\/plafondlampen\/plafondlamp-in-led-industrieel-design-enkel-7w-dimbaar\/","title":{"rendered":"Deckenleuchte im LED-Industriedesign einzeln | 7W Dimmbar"},"content":{"rendered":"<h2>Abmessungen<\/h2>\n<h3>Insgesamt<\/h3>\n<table>\n<tbody>\n<tr>\n<th scope=\"row\">Breite min<\/th>\n<td>12,00 cm<\/td>\n<\/tr>\n<tr>\n<th scope=\"row\">Breite max<\/th>\n<td>13,00 cm<\/td>\n<\/tr>\n<tr>\n<th scope=\"row\">H\u00f6he min<\/th>\n<td>15,00 cm<\/td>\n<\/tr>\n<tr>\n<th scope=\"row\">H\u00f6he max<\/th>\n<td>19,00 cm<\/td>\n<\/tr>\n<tr>\n<th scope=\"row\">Tiefe min<\/th>\n<td>12,00 cm<\/td>\n<\/tr>\n<tr>\n<th scope=\"row\">Tiefe max<\/th>\n<td>12,00 cm<\/td>\n<\/tr>\n<\/tbody>\n<\/table>\n<h3>Kappe<\/h3>\n<table>\n<tbody>\n<tr>\n<th scope=\"row\">Breite<\/th>\n<td>12,00 cm<\/td>\n<\/tr>\n<tr>\n<th scope=\"row\">Durchmesser<\/th>\n<td>12,00 cm<\/td>\n<\/tr>\n<\/tbody>\n<\/table>\n<h3>Montagewinkel<\/h3>\n<table>\n<tbody>\n<tr>\n<th scope=\"row\">L\u00e4nge<\/th>\n<td>8,50 cm<\/td>\n<\/tr>\n<\/tbody>\n<\/table>\n<h3>Deckenkappe<\/h3>\n<table>\n<tbody>\n<tr>\n<th scope=\"row\">Breite<\/th>\n<td>11,00 cm<\/td>\n<\/tr>\n<tr>\n<th scope=\"row\">H\u00f6he<\/th>\n<td>3,00 cm<\/td>\n<\/tr>\n<tr>\n<th scope=\"row\">Tiefe<\/th>\n<td>11,00 cm<\/td>\n<\/tr>\n<\/tbody>\n<\/table>","protected":false},"excerpt":{"rendered":"<p>Dieser trendige, einzelne Strahler ist aus Metall und Holz gefertigt. Die Deckenplatte umfasst den Holzteil und die Strahler selbst den Metallteil. Die Strahler sind sowohl dreh- als auch schwenkbar, sodass Sie die Lichtstrahlen leicht lenken k\u00f6nnen. Die Leuchte verf\u00fcgt \u00fcber einen dimmbaren GU10 LED-Strahler 7W und ist austauschbar. LED ist bekannt f\u00fcr seine lange Lebensdauer und ist sehr sparsam im Gebrauch. Au\u00dferdem wird die Leuchte nicht hei\u00df. Falls gew\u00fcnscht, k\u00f6nnen Sie passende Leuchtmittel direkt mitbestellen. Diese Leuchte kann auch als Wandleuchte montiert werden.<\/p>","protected":false},"featured_media":431671,"comment_status":"closed","ping_status":"closed","template":"","meta":{"_seopress_robots_primary_cat":"","_seopress_titles_title":"","_seopress_titles_desc":"","_seopress_robots_index":""},"product_brand":[],"product_cat":[87,132,165,109],"product_tag":[456],"class_list":{"0":"post-431670","1":"product","2":"type-product","3":"status-publish","4":"has-post-thumbnail","6":"product_cat-armaturen","7":"product_cat-led-spots","8":"product_cat-plafondlampen","9":"product_cat-wandlampen","10":"product_tag-dimbare-led-armatuur","12":"first","13":"outofstock","14":"taxable","15":"shipping-taxable","16":"purchasable","17":"product-type-simple"},"_links":{"self":[{"href":"https:\/\/ledshoponline.be\/de\/wp-json\/wp\/v2\/product\/431670","targetHints":{"allow":["GET"]}}],"collection":[{"href":"https:\/\/ledshoponline.be\/de\/wp-json\/wp\/v2\/product"}],"about":[{"href":"https:\/\/ledshoponline.be\/de\/wp-json\/wp\/v2\/types\/product"}],"replies":[{"embeddable":true,"href":"https:\/\/ledshoponline.be\/de\/wp-json\/wp\/v2\/comments?post=431670"}],"version-history":[{"count":1,"href":"https:\/\/ledshoponline.be\/de\/wp-json\/wp\/v2\/product\/431670\/revisions"}],"predecessor-version":[{"id":624461,"href":"https:\/\/ledshoponline.be\/de\/wp-json\/wp\/v2\/product\/431670\/revisions\/624461"}],"wp:featuredmedia":[{"embeddable":true,"href":"https:\/\/ledshoponline.be\/de\/wp-json\/wp\/v2\/media\/431671"}],"wp:attachment":[{"href":"https:\/\/ledshoponline.be\/de\/wp-json\/wp\/v2\/media?parent=431670"}],"wp:term":[{"taxonomy":"product_brand","embeddable":true,"href":"https:\/\/ledshoponline.be\/de\/wp-json\/wp\/v2\/product_brand?post=431670"},{"taxonomy":"product_cat","embeddable":true,"href":"https:\/\/ledshoponline.be\/de\/wp-json\/wp\/v2\/product_cat?post=431670"},{"taxonomy":"product_tag","embeddable":true,"href":"https:\/\/ledshoponline.be\/de\/wp-json\/wp\/v2\/product_tag?post=431670"}],"curies":[{"name":"wp","href":"https:\/\/api.w.org\/{rel}","templated":true}]}}