{"id":429234,"date":"2019-09-11T17:33:06","date_gmt":"2019-09-11T17:33:06","guid":{"rendered":"https:\/\/hlncaxea.a2hosted.com\/?post_type=product&#038;p=429234"},"modified":"2025-03-09T19:43:26","modified_gmt":"2025-03-09T19:43:26","slug":"led-g9-2w-matt-ersetzt-25w-200lm-calex-3000k-dimmbar-2","status":"publish","type":"product","link":"https:\/\/ledshoponline.be\/de\/shop\/producten\/led-lampen\/led-lamp-g9-230v\/led-g9-2w-mat-vervangt-25w-200lm-calex-3000k-dimbaar\/","title":{"rendered":"LED G9 2w matt ersetzt 25W 200lm Calex 3000k"},"content":{"rendered":"","protected":false},"excerpt":{"rendered":"<p>Calex LED G9 Gl\u00fchbirne komplett aus Glas &amp; mit den Abmessungen einer Halogenlampe. Mit einem Verbrauch von nur 2W ersetzt die Gl\u00fchbirne eine 25W Halogen G9. Die G9-LED-Gl\u00fchbirne ist in Milchglas ausgef\u00fchrt. Man kann die LED kaum sehen. Sehr sch\u00f6n. Schnell bestellen und kr\u00e4ftig sparen!<\/p>","protected":false},"featured_media":429235,"comment_status":"closed","ping_status":"closed","template":"","meta":{"_seopress_robots_primary_cat":"","_seopress_titles_title":"","_seopress_titles_desc":"","_seopress_robots_index":""},"product_brand":[],"product_cat":[378,20,19],"product_tag":[626,627,380,206],"class_list":{"0":"post-429234","1":"product","2":"type-product","3":"status-publish","4":"has-post-thumbnail","6":"product_cat-led-lamp-g9-230v","7":"product_cat-led-lampen","8":"product_cat-producten","9":"product_tag-3w-led-g9","10":"product_tag-g9","11":"product_tag-led-g9","12":"product_tag-yarled","14":"first","15":"instock","16":"sale","17":"taxable","18":"shipping-taxable","19":"purchasable","20":"product-type-simple"},"_links":{"self":[{"href":"https:\/\/ledshoponline.be\/de\/wp-json\/wp\/v2\/product\/429234","targetHints":{"allow":["GET"]}}],"collection":[{"href":"https:\/\/ledshoponline.be\/de\/wp-json\/wp\/v2\/product"}],"about":[{"href":"https:\/\/ledshoponline.be\/de\/wp-json\/wp\/v2\/types\/product"}],"replies":[{"embeddable":true,"href":"https:\/\/ledshoponline.be\/de\/wp-json\/wp\/v2\/comments?post=429234"}],"version-history":[{"count":0,"href":"https:\/\/ledshoponline.be\/de\/wp-json\/wp\/v2\/product\/429234\/revisions"}],"wp:featuredmedia":[{"embeddable":true,"href":"https:\/\/ledshoponline.be\/de\/wp-json\/wp\/v2\/media\/429235"}],"wp:attachment":[{"href":"https:\/\/ledshoponline.be\/de\/wp-json\/wp\/v2\/media?parent=429234"}],"wp:term":[{"taxonomy":"product_brand","embeddable":true,"href":"https:\/\/ledshoponline.be\/de\/wp-json\/wp\/v2\/product_brand?post=429234"},{"taxonomy":"product_cat","embeddable":true,"href":"https:\/\/ledshoponline.be\/de\/wp-json\/wp\/v2\/product_cat?post=429234"},{"taxonomy":"product_tag","embeddable":true,"href":"https:\/\/ledshoponline.be\/de\/wp-json\/wp\/v2\/product_tag?post=429234"}],"curies":[{"name":"wp","href":"https:\/\/api.w.org\/{rel}","templated":true}]}}