{"id":19257,"date":"2018-03-02T20:06:10","date_gmt":"2018-03-02T20:06:10","guid":{"rendered":"https:\/\/hlncaxea.a2hosted.com\/?post_type=product&#038;p=19257"},"modified":"2025-10-19T08:58:23","modified_gmt":"2025-10-19T08:58:23","slug":"led-downlight-downlight-5w-warmweis-dimmbar-2","status":"publish","type":"product","link":"https:\/\/ledshoponline.be\/de\/shop\/producten\/armaturen\/inbouwspots\/led-inbouwspot-downlight-5w-warm-wit-dimbaar\/","title":{"rendered":"LED-Downlight - Downlight 5W warm-wei\u00df dimmbar"},"content":{"rendered":"","protected":false},"excerpt":{"rendered":"<p>Stilvoll <strong>5w LED-Einbaudownlight<\/strong> in wei\u00dfem Material ausgef\u00fchrt. <strong>Ersetzt ein 40W-50W\u00a0<\/strong>Halogenscheinwerfer. Der Strahler l\u00e4sst sich am besten mit einem Triac-Dimmer dimmen. Mitgeliefert <strong>inklusive dimmbarem LED-Treiber<\/strong>. Mit ihrer langen Lebensdauer und Energieeffizienz kommt diese LED-Leuchte in Ihrem Wohnzimmer besonders gut zur Geltung. Sie eignet sich auch hervorragend f\u00fcr das B\u00fcro, ein Restaurant oder ein Gesch\u00e4ft. Fangen Sie an zu sparen und bestellen Sie den LED-Strahler schnell!<\/p>\n<p><strong>Produktdatenblatt<\/strong><br \/>\n<strong><a href=\"https:\/\/eprel.ec.europa.eu\/fiches\/lightsources\/Fiche_2409011_NL.pdf\">DE<\/a>\u00a0|\u00a0<a href=\"https:\/\/eprel.ec.europa.eu\/fiches\/lightsources\/Fiche_2409011_FR.pdf\">FR\u00a0<\/a>|\u00a0<a href=\"https:\/\/eprel.ec.europa.eu\/fiches\/lightsources\/Fiche_2409011_EN.pdf\">UND\u00a0<\/a>|\u00a0<a href=\"https:\/\/eprel.ec.europa.eu\/fiches\/lightsources\/Fiche_2409011_DE.pdf\">DIE<\/a><\/strong><\/p>","protected":false},"featured_media":19258,"comment_status":"closed","ping_status":"closed","template":"","meta":{"_seopress_robots_primary_cat":"none","_seopress_titles_title":"","_seopress_titles_desc":"","_seopress_robots_index":""},"product_brand":[],"product_cat":[87,88,455,132,19],"product_tag":[],"class_list":{"0":"post-19257","1":"product","2":"type-product","3":"status-publish","4":"has-post-thumbnail","6":"product_cat-armaturen","7":"product_cat-inbouwspots","8":"product_cat-led-downlights","9":"product_cat-led-spots","10":"product_cat-producten","12":"first","13":"instock","14":"sale","15":"taxable","16":"shipping-taxable","17":"purchasable","18":"product-type-simple"},"_links":{"self":[{"href":"https:\/\/ledshoponline.be\/de\/wp-json\/wp\/v2\/product\/19257","targetHints":{"allow":["GET"]}}],"collection":[{"href":"https:\/\/ledshoponline.be\/de\/wp-json\/wp\/v2\/product"}],"about":[{"href":"https:\/\/ledshoponline.be\/de\/wp-json\/wp\/v2\/types\/product"}],"replies":[{"embeddable":true,"href":"https:\/\/ledshoponline.be\/de\/wp-json\/wp\/v2\/comments?post=19257"}],"version-history":[{"count":1,"href":"https:\/\/ledshoponline.be\/de\/wp-json\/wp\/v2\/product\/19257\/revisions"}],"predecessor-version":[{"id":628918,"href":"https:\/\/ledshoponline.be\/de\/wp-json\/wp\/v2\/product\/19257\/revisions\/628918"}],"wp:featuredmedia":[{"embeddable":true,"href":"https:\/\/ledshoponline.be\/de\/wp-json\/wp\/v2\/media\/19258"}],"wp:attachment":[{"href":"https:\/\/ledshoponline.be\/de\/wp-json\/wp\/v2\/media?parent=19257"}],"wp:term":[{"taxonomy":"product_brand","embeddable":true,"href":"https:\/\/ledshoponline.be\/de\/wp-json\/wp\/v2\/product_brand?post=19257"},{"taxonomy":"product_cat","embeddable":true,"href":"https:\/\/ledshoponline.be\/de\/wp-json\/wp\/v2\/product_cat?post=19257"},{"taxonomy":"product_tag","embeddable":true,"href":"https:\/\/ledshoponline.be\/de\/wp-json\/wp\/v2\/product_tag?post=19257"}],"curies":[{"name":"wp","href":"https:\/\/api.w.org\/{rel}","templated":true}]}}