{"id":18962,"date":"2024-09-25T11:29:00","date_gmt":"2024-09-25T11:29:00","guid":{"rendered":"https:\/\/hlncaxea.a2hosted.com\/?post_type=product&#038;p=18962"},"modified":"2025-08-26T15:23:57","modified_gmt":"2025-08-26T15:23:57","slug":"led-breitstrahlend-100w-kaltweis-ip65-ersetzt-1000w-2","status":"publish","type":"product","link":"https:\/\/ledshoponline.be\/de\/shop\/producten\/armaturen\/buitenverlichting\/led-breedstraler-100w-koud-wit-ip65-vervangt-1000w\/","title":{"rendered":"LED-Flutlicht 100W PRO kalt-wei\u00df IP65 ( ersetzt 1000w)"},"content":{"rendered":"<h2 data-start=\"0\" data-end=\"72\"><strong data-start=\"0\" data-end=\"70\">Neues Modell: LED-Weitstrahl 100W - Ultimative Leistung und Langlebigkeit<\/strong><\/h2>\n<p data-start=\"74\" data-end=\"342\">Erleben Sie die <strong data-start=\"84\" data-end=\"122\">LED-Technologie der neuesten Generation<\/strong> mit diesem <strong data-start=\"132\" data-end=\"175\">100W professionelles LED-Flutlicht<\/strong>. Angetrieben von einer <strong data-start=\"198\" data-end=\"216\">Philips-Treiber<\/strong> und eine beeindruckende <strong data-start=\"239\" data-end=\"270\">Lichtleistung von 150 lm\/W<\/strong>bietet dieses Spotlight <strong data-start=\"296\" data-end=\"339\">un\u00fcbertroffene Klarheit und Effizienz<\/strong>.<\/p>\n<h3 data-start=\"344\" data-end=\"404\">\ud83d\udd25 <strong data-start=\"351\" data-end=\"402\">Innovatives 3D-Geh\u00e4use und G-Buckle-Technologie<\/strong><\/h3>\n<p data-start=\"405\" data-end=\"577\">\u2714 <strong data-start=\"407\" data-end=\"433\">Optimale Heizleistung<\/strong> f\u00fcr eine l\u00e4ngere Lebensdauer<br data-start=\"461\" data-end=\"464\" \/>\u2714 Widerstandsf\u00e4hig gegen extreme Temperaturen von <strong data-start=\"505\" data-end=\"523\">-20\u00baC bis 48\u00baC<\/strong><br data-start=\"523\" data-end=\"526\" \/>\u2714 <strong data-start=\"528\" data-end=\"552\">Robuste Konstruktion<\/strong> f\u00fcr den langfristigen Einsatz<\/p>\n<h3 data-start=\"579\" data-end=\"617\">\ud83c\udf1f <strong data-start=\"586\" data-end=\"615\">Flexibles und elegantes Design<\/strong><\/h3>\n<p data-start=\"618\" data-end=\"805\">\u2714 <strong data-start=\"620\" data-end=\"647\">270\u00b0 verstellbarer B\u00fcgel<\/strong> f\u00fcr maximale Flexibilit\u00e4t<br data-start=\"675\" data-end=\"678\" \/>\u2714 <strong data-start=\"680\" data-end=\"713\">Moderne und elegante Ausf\u00fchrung<\/strong> - ideal f\u00fcr jede Umgebung<br data-start=\"741\" data-end=\"744\" \/>\u2714 <strong data-start=\"746\" data-end=\"780\">Geh\u00e4rtetes Glas &amp; stabiles Geh\u00e4use<\/strong> f\u00fcr zus\u00e4tzlichen Schutz<\/p>\n<h3 data-start=\"807\" data-end=\"866\">\ud83c\udf27\ufe0f <strong data-start=\"815\" data-end=\"864\">Unverw\u00fcstlich bei jedem Wetter - Schutzart IP65<\/strong><\/h3>\n<p data-start=\"867\" data-end=\"1049\">\u2714 <strong data-start=\"869\" data-end=\"896\">Wasserdicht und staubdicht<\/strong> - perfekt f\u00fcr den Au\u00dfeneinsatz<br data-start=\"925\" data-end=\"928\" \/>\u2714 Widerstandsf\u00e4hig gegen <strong data-start=\"944\" data-end=\"973\">extreme Witterung<\/strong><br data-start=\"973\" data-end=\"976\" \/>\u2714 Ideal f\u00fcr <strong data-start=\"990\" data-end=\"1047\">Einfahrten, G\u00e4rten, Parkpl\u00e4tze, Lagerhallen und Sportpl\u00e4tze<\/strong><\/p>\n<p data-start=\"1051\" data-end=\"1130\" data-is-last-node=\"\" data-is-only-node=\"\">\ud83d\udca1 <strong data-start=\"1054\" data-end=\"1130\" data-is-last-node=\"\">Entscheiden Sie sich f\u00fcr die ultimative Kombination aus Leistung, Effizienz und Langlebigkeit!<\/strong><\/p>","protected":false},"excerpt":{"rendered":"<p>\u2705 LED-Weitstrahl 100W (15.000 Lumen)<br \/>\n\u2705 Farbe: 4000K, CRI &gt;85<br \/>\n\u2705 Ersetzt eine 1000W-Baulampe<br \/>\n\u2705 IP66 (spritzwassergesch\u00fctzt)<\/p>\n<p><strong>Produktdatenblatt<\/strong><br \/>\n<strong><a href=\"https:\/\/eprel.ec.europa.eu\/fiches\/lightsources\/Fiche_1251270_NL.pdf\">DE<\/a>\u00a0|\u00a0<a href=\"https:\/\/eprel.ec.europa.eu\/fiches\/lightsources\/Fiche_1251270_FR.pdf\">FR\u00a0<\/a>|\u00a0<a href=\"https:\/\/eprel.ec.europa.eu\/fiches\/lightsources\/Fiche_1251270_EN.pdf\">UND\u00a0<\/a>|\u00a0<a href=\"https:\/\/eprel.ec.europa.eu\/fiches\/lightsources\/Fiche_1251270_DE.pdf\">DIE<\/a><\/strong><\/p>","protected":false},"featured_media":533716,"comment_status":"closed","ping_status":"closed","template":"","meta":{"_seopress_robots_primary_cat":"none","_seopress_titles_title":"LED Breedstraler 100W | Koud Wit | IP65 | Vervangt 1000W","_seopress_titles_desc":"Bespaar energie met de LED breedstraler 100W! Helder koud wit licht, IP65-waterdicht en vervangt 1000W halogeen. Perfect voor buitengebruik.","_seopress_robots_index":""},"product_brand":[],"product_cat":[87,90,530,243,242,19,112],"product_tag":[643,632,633],"class_list":{"0":"post-18962","1":"product","2":"type-product","3":"status-publish","4":"has-post-thumbnail","6":"product_cat-armaturen","7":"product_cat-buitenverlichting","8":"product_cat-deals","9":"product_cat-led-schijnwerpers","10":"product_cat-pro-led-verlichting","11":"product_cat-producten","12":"product_cat-stock-opruiming","13":"product_tag-100w","14":"product_tag-led-breedstraler","15":"product_tag-led-floodlight","17":"first","18":"instock","19":"sale","20":"taxable","21":"shipping-taxable","22":"purchasable","23":"product-type-simple"},"_links":{"self":[{"href":"https:\/\/ledshoponline.be\/de\/wp-json\/wp\/v2\/product\/18962","targetHints":{"allow":["GET"]}}],"collection":[{"href":"https:\/\/ledshoponline.be\/de\/wp-json\/wp\/v2\/product"}],"about":[{"href":"https:\/\/ledshoponline.be\/de\/wp-json\/wp\/v2\/types\/product"}],"replies":[{"embeddable":true,"href":"https:\/\/ledshoponline.be\/de\/wp-json\/wp\/v2\/comments?post=18962"}],"version-history":[{"count":1,"href":"https:\/\/ledshoponline.be\/de\/wp-json\/wp\/v2\/product\/18962\/revisions"}],"predecessor-version":[{"id":581028,"href":"https:\/\/ledshoponline.be\/de\/wp-json\/wp\/v2\/product\/18962\/revisions\/581028"}],"wp:featuredmedia":[{"embeddable":true,"href":"https:\/\/ledshoponline.be\/de\/wp-json\/wp\/v2\/media\/533716"}],"wp:attachment":[{"href":"https:\/\/ledshoponline.be\/de\/wp-json\/wp\/v2\/media?parent=18962"}],"wp:term":[{"taxonomy":"product_brand","embeddable":true,"href":"https:\/\/ledshoponline.be\/de\/wp-json\/wp\/v2\/product_brand?post=18962"},{"taxonomy":"product_cat","embeddable":true,"href":"https:\/\/ledshoponline.be\/de\/wp-json\/wp\/v2\/product_cat?post=18962"},{"taxonomy":"product_tag","embeddable":true,"href":"https:\/\/ledshoponline.be\/de\/wp-json\/wp\/v2\/product_tag?post=18962"}],"curies":[{"name":"wp","href":"https:\/\/api.w.org\/{rel}","templated":true}]}}