{"id":18954,"date":"2016-12-03T13:47:52","date_gmt":"2016-12-03T13:47:52","guid":{"rendered":"https:\/\/hlncaxea.a2hosted.com\/?post_type=product&#038;p=18954"},"modified":"2025-09-03T15:38:13","modified_gmt":"2025-09-03T15:38:13","slug":"led-breitstrahl-200w-kaltweis-ip65-pro-28000lm-ersetzt-2000w-2","status":"publish","type":"product","link":"https:\/\/ledshoponline.be\/de\/shop\/producten\/armaturen\/buitenverlichting\/led-breedstraler-200w-koud-wit-ip65-pro-28000lm-vervangt-2000w\/","title":{"rendered":"LED Breitstrahl 200W kalt-wei\u00df IP65 pro 28000Lm ( ersetzt 2000w)"},"content":{"rendered":"<p>Dieser professionelle LED-Scheinwerfer ist daf\u00fcr gemacht, sich bei jedem Wetter zu behaupten. Er ist felsenfest und kann sogar bei Temperaturen von -20\u00baC bis 48\u00b0C funktionieren. Die Lampe ist mit geh\u00e4rtetem Glas und G-Buckle-Technologie ausgestattet. Das 3D-Geh\u00e4use sorgt f\u00fcr eine optimale W\u00e4rmeableitung und damit f\u00fcr eine lange Lebensdauer der LEDs.<\/p>","protected":false},"excerpt":{"rendered":"<p>Neues Modell: treiberlose LED-Technologie mit bis zu 140lm\/w, erm\u00f6glicht durch Osram AC 3030LM-80.<\/p>\n<p>Das einzigartige 3D-Geh\u00e4use und die G-Buckle-Technologie erm\u00f6glichen den Betrieb des LED-Flutlichts in einem Bereich von bis zu 45\u00b0C. Das sch\u00f6ne Design strahlt Eleganz aus.<\/p>","protected":false},"featured_media":18955,"comment_status":"closed","ping_status":"closed","template":"","meta":{"_seopress_robots_primary_cat":"none","_seopress_titles_title":"","_seopress_titles_desc":"","_seopress_robots_index":""},"product_brand":[],"product_cat":[87,90,243,242],"product_tag":[631,632,633],"class_list":{"0":"post-18954","1":"product","2":"type-product","3":"status-publish","4":"has-post-thumbnail","6":"product_cat-armaturen","7":"product_cat-buitenverlichting","8":"product_cat-led-schijnwerpers","9":"product_cat-pro-led-verlichting","10":"product_tag-led-200w","11":"product_tag-led-breedstraler","12":"product_tag-led-floodlight","14":"first","15":"instock","16":"sale","17":"taxable","18":"shipping-taxable","19":"purchasable","20":"product-type-simple"},"_links":{"self":[{"href":"https:\/\/ledshoponline.be\/de\/wp-json\/wp\/v2\/product\/18954","targetHints":{"allow":["GET"]}}],"collection":[{"href":"https:\/\/ledshoponline.be\/de\/wp-json\/wp\/v2\/product"}],"about":[{"href":"https:\/\/ledshoponline.be\/de\/wp-json\/wp\/v2\/types\/product"}],"replies":[{"embeddable":true,"href":"https:\/\/ledshoponline.be\/de\/wp-json\/wp\/v2\/comments?post=18954"}],"version-history":[{"count":1,"href":"https:\/\/ledshoponline.be\/de\/wp-json\/wp\/v2\/product\/18954\/revisions"}],"predecessor-version":[{"id":619045,"href":"https:\/\/ledshoponline.be\/de\/wp-json\/wp\/v2\/product\/18954\/revisions\/619045"}],"wp:featuredmedia":[{"embeddable":true,"href":"https:\/\/ledshoponline.be\/de\/wp-json\/wp\/v2\/media\/18955"}],"wp:attachment":[{"href":"https:\/\/ledshoponline.be\/de\/wp-json\/wp\/v2\/media?parent=18954"}],"wp:term":[{"taxonomy":"product_brand","embeddable":true,"href":"https:\/\/ledshoponline.be\/de\/wp-json\/wp\/v2\/product_brand?post=18954"},{"taxonomy":"product_cat","embeddable":true,"href":"https:\/\/ledshoponline.be\/de\/wp-json\/wp\/v2\/product_cat?post=18954"},{"taxonomy":"product_tag","embeddable":true,"href":"https:\/\/ledshoponline.be\/de\/wp-json\/wp\/v2\/product_tag?post=18954"}],"curies":[{"name":"wp","href":"https:\/\/api.w.org\/{rel}","templated":true}]}}