{"id":18889,"date":"2016-09-23T14:52:07","date_gmt":"2016-09-23T14:52:07","guid":{"rendered":"https:\/\/hlncaxea.a2hosted.com\/?post_type=product&#038;p=18889"},"modified":"2025-09-22T20:42:48","modified_gmt":"2025-09-22T20:42:48","slug":"weis-led-ausenlampe-2","status":"publish","type":"product","link":"https:\/\/ledshoponline.be\/de\/shop\/producten\/armaturen\/buitenverlichting\/witte-led-buitenlamp-2\/","title":{"rendered":"Wei\u00dfe LED-Au\u00dfenleuchte"},"content":{"rendered":"<p>Aufgrund ihrer Gr\u00f6\u00dfe eignet sie sich sehr gut als Sicherheitsbeleuchtung, um Elemente oder Orte in Ihrem Garten hervorzuheben.<br \/>\nHergestellt aus Kunststoff und Metall. Der Strahler ist bis zu einem Winkel von 45 Grad schwenkbar.<\/p>\n<p>- Dichtheitsklasse: IP55<\/p>\n<p>Die Verschlusskappe zur Abdichtung des Kabels ist bei der Lieferung auf der Innenseite der Lampe angebracht. Um die Wasserdichtigkeit zu verbessern, ist es ratsam, sie auf der Au\u00dfenseite anzubringen.<\/p>\n<div class=\"column_header\">\n<p class=\"head\"><strong>ABMESSUNGEN<\/strong><\/p>\n<\/div>\n<p class=\"head\"><strong>insgesamt<\/strong><\/p>\n<p><span class=\"size_label\">Weite:<\/span>21,00 cm<\/p>\n<p><span class=\"size_label\">H\u00f6he min:<\/span>12,00 cm<\/p>\n<p><span class=\"size_label\">H\u00f6he max:<\/span>20,00 cm<\/p>\n<p><span class=\"size_label\">Tiefe min:<\/span>32,00 cm<\/p>\n<p><span class=\"size_label\">Tiefe max:<\/span>34,00 cm<\/p>\n<p class=\"head\"><strong>Haube<\/strong><\/p>\n<p><span class=\"size_label\">Weite:<\/span>21,00 cm<\/p>\n<p><span class=\"size_label\">H\u00f6he:<\/span>11,00 cm<\/p>\n<p><span class=\"size_label\">Tiefe:<\/span>24,00 cm<\/p>\n<p class=\"head\"><strong>Wandteller<\/strong><\/p>\n<p><span class=\"size_label\">Durchmesser:<\/span>12,00 cm<\/p>","protected":false},"excerpt":{"rendered":"<p>Gro\u00dfe, wei\u00dfe Au\u00dfenleuchte f\u00fcr die Beleuchtung gro\u00dfer Fl\u00e4chen. Diese Au\u00dfenleuchte eignet sich als Wandleuchte, aber durch die Neigungsm\u00f6glichkeit ist sie sicherlich auch als Bodenstrahler geeignet.<br \/>\nKommt mit einer 6W LED-Lampe 2700k.<\/p>","protected":false},"featured_media":18890,"comment_status":"closed","ping_status":"closed","template":"","meta":{"_seopress_robots_primary_cat":"","_seopress_titles_title":"","_seopress_titles_desc":"","_seopress_robots_index":""},"product_brand":[],"product_cat":[90],"product_tag":[],"class_list":{"0":"post-18889","1":"product","2":"type-product","3":"status-publish","4":"has-post-thumbnail","6":"product_cat-buitenverlichting","8":"first","9":"outofstock","10":"taxable","11":"shipping-taxable","12":"purchasable","13":"product-type-simple"},"_links":{"self":[{"href":"https:\/\/ledshoponline.be\/de\/wp-json\/wp\/v2\/product\/18889","targetHints":{"allow":["GET"]}}],"collection":[{"href":"https:\/\/ledshoponline.be\/de\/wp-json\/wp\/v2\/product"}],"about":[{"href":"https:\/\/ledshoponline.be\/de\/wp-json\/wp\/v2\/types\/product"}],"replies":[{"embeddable":true,"href":"https:\/\/ledshoponline.be\/de\/wp-json\/wp\/v2\/comments?post=18889"}],"version-history":[{"count":1,"href":"https:\/\/ledshoponline.be\/de\/wp-json\/wp\/v2\/product\/18889\/revisions"}],"predecessor-version":[{"id":624448,"href":"https:\/\/ledshoponline.be\/de\/wp-json\/wp\/v2\/product\/18889\/revisions\/624448"}],"wp:featuredmedia":[{"embeddable":true,"href":"https:\/\/ledshoponline.be\/de\/wp-json\/wp\/v2\/media\/18890"}],"wp:attachment":[{"href":"https:\/\/ledshoponline.be\/de\/wp-json\/wp\/v2\/media?parent=18889"}],"wp:term":[{"taxonomy":"product_brand","embeddable":true,"href":"https:\/\/ledshoponline.be\/de\/wp-json\/wp\/v2\/product_brand?post=18889"},{"taxonomy":"product_cat","embeddable":true,"href":"https:\/\/ledshoponline.be\/de\/wp-json\/wp\/v2\/product_cat?post=18889"},{"taxonomy":"product_tag","embeddable":true,"href":"https:\/\/ledshoponline.be\/de\/wp-json\/wp\/v2\/product_tag?post=18889"}],"curies":[{"name":"wp","href":"https:\/\/api.w.org\/{rel}","templated":true}]}}