{"id":18733,"date":"2016-03-26T13:07:17","date_gmt":"2016-03-26T13:07:17","guid":{"rendered":"https:\/\/hlncaxea.a2hosted.com\/?post_type=product&#038;p=18733"},"modified":"2025-03-09T19:42:09","modified_gmt":"2025-03-09T19:42:09","slug":"dimmer-fur-einfarbige-230v-led-streifen-2","status":"publish","type":"product","link":"https:\/\/ledshoponline.be\/de\/shop\/producten\/toebehoren\/230v-led-dimmers\/dimmer-voor-enkel-kleurige-230v-led-strips\/","title":{"rendered":"Dimmer f\u00fcr einfarbige 230-V-LED-Streifen RF"},"content":{"rendered":"<p>Ein LED-Dimmer-Controller mit 23-Tasten-Fernbedienung f\u00fcr LED-Strips 230 Volt. Auf der Fernbedienung stehen Ihnen 10 voreingestellte Lichtintensit\u00e4ten und 8 Lichteffekte zur Verf\u00fcgung. Der Dimmer\/Regler und die Fernbedienung arbeiten mit Radiofrequenz (RF). Die Reichweite der Fernbedienung betr\u00e4gt, je nach Situation, 10 Meter. Dieser Dimmer ist f\u00fcr unsere einfarbigen LED-Streifen geeignet, also nicht f\u00fcr RGB. Der Dimmer verf\u00fcgt au\u00dferdem \u00fcber eine Speicherfunktion, so dass der Dimmer beim Ausschalten des Stroms die letzte Einstellung beibeh\u00e4lt.<\/p>\n<p>Eine Fernbedienung und ein Controller zum Dimmen eines einfarbigen LED-Streifens von 220v - 230v.<\/p>\n<p>Controller nicht wasserdicht!<\/p>\n<p><strong>Eingabe:<\/strong> 200-240VAC<br \/>\n<strong>Wattleistung Max: <\/strong>750W<br \/>\n<strong>Abmessungen: Steuerger\u00e4t:<\/strong> \u00a0L: 90mm \/ B: 70mm \/ H: 28mm, <strong>Fernsteuerung<\/strong>L: 109mm \/ B: 53mm \/ T: 15,5mm<\/p>","protected":false},"excerpt":{"rendered":"<p>Ein LED-Dimmer-Controller mit 23-Tasten-Fernbedienung f\u00fcr LED-Streifen 230 Volt. Es gibt 10 voreingestellte Lichtintensit\u00e4ten<\/p>","protected":false},"featured_media":18734,"comment_status":"closed","ping_status":"closed","template":"","meta":{"_seopress_robots_primary_cat":"","_seopress_titles_title":"","_seopress_titles_desc":"","_seopress_robots_index":""},"product_brand":[],"product_cat":[86,40,229,41,42],"product_tag":[551,552,553],"class_list":{"0":"post-18733","1":"product","2":"type-product","3":"status-publish","4":"has-post-thumbnail","6":"product_cat-230v-led-dimmers","7":"product_cat-led-strips","8":"product_cat-led-strips-230v","9":"product_cat-led-strips-toebehoren","10":"product_cat-toebehoren","11":"product_tag-dimmer-220v-ledstrip","12":"product_tag-dimmer-led-strip","13":"product_tag-led-strip-230v-dimmer","15":"first","16":"instock","17":"taxable","18":"shipping-taxable","19":"purchasable","20":"product-type-simple"},"_links":{"self":[{"href":"https:\/\/ledshoponline.be\/de\/wp-json\/wp\/v2\/product\/18733","targetHints":{"allow":["GET"]}}],"collection":[{"href":"https:\/\/ledshoponline.be\/de\/wp-json\/wp\/v2\/product"}],"about":[{"href":"https:\/\/ledshoponline.be\/de\/wp-json\/wp\/v2\/types\/product"}],"replies":[{"embeddable":true,"href":"https:\/\/ledshoponline.be\/de\/wp-json\/wp\/v2\/comments?post=18733"}],"version-history":[{"count":0,"href":"https:\/\/ledshoponline.be\/de\/wp-json\/wp\/v2\/product\/18733\/revisions"}],"wp:featuredmedia":[{"embeddable":true,"href":"https:\/\/ledshoponline.be\/de\/wp-json\/wp\/v2\/media\/18734"}],"wp:attachment":[{"href":"https:\/\/ledshoponline.be\/de\/wp-json\/wp\/v2\/media?parent=18733"}],"wp:term":[{"taxonomy":"product_brand","embeddable":true,"href":"https:\/\/ledshoponline.be\/de\/wp-json\/wp\/v2\/product_brand?post=18733"},{"taxonomy":"product_cat","embeddable":true,"href":"https:\/\/ledshoponline.be\/de\/wp-json\/wp\/v2\/product_cat?post=18733"},{"taxonomy":"product_tag","embeddable":true,"href":"https:\/\/ledshoponline.be\/de\/wp-json\/wp\/v2\/product_tag?post=18733"}],"curies":[{"name":"wp","href":"https:\/\/api.w.org\/{rel}","templated":true}]}}