{"id":18501,"date":"2016-01-21T20:33:05","date_gmt":"2016-01-21T20:33:05","guid":{"rendered":"https:\/\/hlncaxea.a2hosted.com\/?post_type=product&#038;p=18501"},"modified":"2025-09-22T20:43:05","modified_gmt":"2025-09-22T20:43:05","slug":"wifi-modul-led-streifen-fur-smartphone-2","status":"publish","type":"product","link":"https:\/\/ledshoponline.be\/de\/shop\/producten\/toebehoren\/12v-24v-led-dimmers\/wifi-module-ledstrips-voor-smartphone\/","title":{"rendered":"Wifi-Modul LED-Streifen f\u00fcr Smartphone"},"content":{"rendered":"<h3>Funktioniert mit den folgenden Dimmern\/Steuerungen<\/h3>\n<ul>\n<li><a href=\"https:\/\/ledshoponline.be\/de\/rgb-controller-fernbedienung-2\/rgbw-controller-288-watt-4-zone.html\/\">RGB(W) led strip controller 4 zone 288 watt<\/a><\/li>\n<li><a href=\"https:\/\/ledshoponline.be\/de\/12v-24v-led-dimmer-2\/dimmer-controller-voor-warm-wit-koud-wit.html\/\">Einfarbiger LED-Streifen-Dimmer-Controller 4 Zonen 144 Watt<\/a><\/li>\n<\/ul>\n<p>Laden Sie die App \"Milight\" aus dem App Store (f\u00fcr iOS-Ger\u00e4te) oder aus dem Google Play Shop (f\u00fcr Android-Ger\u00e4te) herunter.<\/p>","protected":false},"excerpt":{"rendered":"<p>Dieses Wifi-LED-Modul erm\u00f6glicht es Ihnen, LED-Streifen \/ Lichter mit Ihrem Android oder Iphone Smartphone zu steuern. Dies mit der APP 'Milight'<br \/>\nIn Kombination mit einem kompatiblen Steuerger\u00e4t\/Dimmer.<\/p>","protected":false},"featured_media":18502,"comment_status":"closed","ping_status":"closed","template":"","meta":{"_seopress_robots_primary_cat":"","_seopress_titles_title":"","_seopress_titles_desc":"","_seopress_robots_index":""},"product_brand":[],"product_cat":[44,324,42],"product_tag":[520],"class_list":{"0":"post-18501","1":"product","2":"type-product","3":"status-publish","4":"has-post-thumbnail","6":"product_cat-12v-24v-led-dimmers","7":"product_cat-rgb-controller-remote","8":"product_cat-toebehoren","9":"product_tag-wifi-smartphone","11":"first","12":"outofstock","13":"taxable","14":"shipping-taxable","15":"purchasable","16":"product-type-simple"},"_links":{"self":[{"href":"https:\/\/ledshoponline.be\/de\/wp-json\/wp\/v2\/product\/18501","targetHints":{"allow":["GET"]}}],"collection":[{"href":"https:\/\/ledshoponline.be\/de\/wp-json\/wp\/v2\/product"}],"about":[{"href":"https:\/\/ledshoponline.be\/de\/wp-json\/wp\/v2\/types\/product"}],"replies":[{"embeddable":true,"href":"https:\/\/ledshoponline.be\/de\/wp-json\/wp\/v2\/comments?post=18501"}],"version-history":[{"count":1,"href":"https:\/\/ledshoponline.be\/de\/wp-json\/wp\/v2\/product\/18501\/revisions"}],"predecessor-version":[{"id":624450,"href":"https:\/\/ledshoponline.be\/de\/wp-json\/wp\/v2\/product\/18501\/revisions\/624450"}],"wp:featuredmedia":[{"embeddable":true,"href":"https:\/\/ledshoponline.be\/de\/wp-json\/wp\/v2\/media\/18502"}],"wp:attachment":[{"href":"https:\/\/ledshoponline.be\/de\/wp-json\/wp\/v2\/media?parent=18501"}],"wp:term":[{"taxonomy":"product_brand","embeddable":true,"href":"https:\/\/ledshoponline.be\/de\/wp-json\/wp\/v2\/product_brand?post=18501"},{"taxonomy":"product_cat","embeddable":true,"href":"https:\/\/ledshoponline.be\/de\/wp-json\/wp\/v2\/product_cat?post=18501"},{"taxonomy":"product_tag","embeddable":true,"href":"https:\/\/ledshoponline.be\/de\/wp-json\/wp\/v2\/product_tag?post=18501"}],"curies":[{"name":"wp","href":"https:\/\/api.w.org\/{rel}","templated":true}]}}