{"id":18473,"date":"2015-12-28T10:03:52","date_gmt":"2015-12-28T10:03:52","guid":{"rendered":"https:\/\/hlncaxea.a2hosted.com\/?post_type=product&#038;p=18473"},"modified":"2025-03-09T19:42:01","modified_gmt":"2025-03-09T19:42:01","slug":"calex-fernbedienung-fernbedienung-fur-calex-smart-home-2","status":"publish","type":"product","link":"https:\/\/ledshoponline.be\/de\/shop\/producten\/toebehoren\/230v-led-dimmers\/calex-afstandsbediening-remote-voor-calex-smart-home\/","title":{"rendered":"Calex Fernbedienung \/ Fernbedienung f\u00fcr Calex Smart Home"},"content":{"rendered":"<p>Diese Fernbedienung wird beim Kauf von Calex Smart Home Produkten empfohlen. Mit dieser Fernbedienung k\u00f6nnen Sie bis zu 15 Ger\u00e4te im Innen- oder Au\u00dfenbereich steuern. Wie die Lichtquellen und Ger\u00e4te funktioniert auch die Fernbedienung \u00fcber Wifi.<\/p>\n<p><strong>REISEN:<\/strong> 20 m (innen), 50 m (au\u00dfen)<\/p>\n<p><strong>H\u00f6he:<\/strong> 114 mm<\/p>\n<p><strong>Breite:<\/strong> 60 mm<\/p>\n<p><strong>Die Dicke:<\/strong> 14 mm<\/p>\n<p>2 x AAA-Batterien sind im Lieferumfang enthalten.<\/p>\n<p><iframe title=\"CALEX SMART - So schlie\u00dfen Sie Ihre Calex Smart-Fernbedienung an\" width=\"500\" height=\"281\" src=\"https:\/\/www.youtube.com\/embed\/GmXw96GL3UY?feature=oembed\" frameborder=\"0\" allow=\"accelerometer; autoplay; clipboard-write; encrypted-media; gyroscope; picture-in-picture; web-share\" referrerpolicy=\"strict-origin-when-cross-origin\" allowfullscreen><\/iframe><\/p>","protected":false},"excerpt":{"rendered":"<p>Steuern Sie die intelligenten Produkte von Calex mit dieser Fernbedienung.<\/p>","protected":false},"featured_media":18474,"comment_status":"closed","ping_status":"closed","template":"","meta":{"_seopress_robots_primary_cat":"","_seopress_titles_title":"","_seopress_titles_desc":"","_seopress_robots_index":""},"product_brand":[],"product_cat":[86,514],"product_tag":[],"class_list":{"0":"post-18473","1":"product","2":"type-product","3":"status-publish","4":"has-post-thumbnail","6":"product_cat-230v-led-dimmers","7":"product_cat-smart-home","9":"first","10":"outofstock","11":"taxable","12":"shipping-taxable","13":"purchasable","14":"product-type-simple"},"_links":{"self":[{"href":"https:\/\/ledshoponline.be\/de\/wp-json\/wp\/v2\/product\/18473","targetHints":{"allow":["GET"]}}],"collection":[{"href":"https:\/\/ledshoponline.be\/de\/wp-json\/wp\/v2\/product"}],"about":[{"href":"https:\/\/ledshoponline.be\/de\/wp-json\/wp\/v2\/types\/product"}],"replies":[{"embeddable":true,"href":"https:\/\/ledshoponline.be\/de\/wp-json\/wp\/v2\/comments?post=18473"}],"version-history":[{"count":0,"href":"https:\/\/ledshoponline.be\/de\/wp-json\/wp\/v2\/product\/18473\/revisions"}],"wp:featuredmedia":[{"embeddable":true,"href":"https:\/\/ledshoponline.be\/de\/wp-json\/wp\/v2\/media\/18474"}],"wp:attachment":[{"href":"https:\/\/ledshoponline.be\/de\/wp-json\/wp\/v2\/media?parent=18473"}],"wp:term":[{"taxonomy":"product_brand","embeddable":true,"href":"https:\/\/ledshoponline.be\/de\/wp-json\/wp\/v2\/product_brand?post=18473"},{"taxonomy":"product_cat","embeddable":true,"href":"https:\/\/ledshoponline.be\/de\/wp-json\/wp\/v2\/product_cat?post=18473"},{"taxonomy":"product_tag","embeddable":true,"href":"https:\/\/ledshoponline.be\/de\/wp-json\/wp\/v2\/product_tag?post=18473"}],"curies":[{"name":"wp","href":"https:\/\/api.w.org\/{rel}","templated":true}]}}