{"id":18376,"date":"2015-12-12T14:42:32","date_gmt":"2015-12-12T14:42:32","guid":{"rendered":"https:\/\/hlncaxea.a2hosted.com\/?post_type=product&#038;p=18376"},"modified":"2025-04-25T14:40:10","modified_gmt":"2025-04-25T14:40:10","slug":"led-einbaustrahler-6w-dimmbar-warmweis-2","status":"publish","type":"product","link":"https:\/\/ledshoponline.be\/de\/shop\/producten\/armaturen\/inbouwspots\/led-inbouw-spot-6w-dimbaar-warm-wit\/","title":{"rendered":"LED-Einbaustrahler 5W dimmbar warm-wei\u00df 3000k| schwenkbar"},"content":{"rendered":"","protected":false},"excerpt":{"rendered":"<p>Sch\u00f6ne LED-Einbauleuchte in wei\u00dfer Farbe und schwenkbar. Mit ihrer treiberlosen Technologie ist sie ein Ausrei\u00dfer. Sehr lange Lebensdauer und ersetzt mit 5W problemlos ein 50W Halogen. Auch dimmbar. Dies ist eine der besseren LED-Leuchten auf dem Markt.<\/p>","protected":false},"featured_media":18377,"comment_status":"closed","ping_status":"closed","template":"","meta":{"_seopress_robots_primary_cat":"none","_seopress_titles_title":"","_seopress_titles_desc":"","_seopress_robots_index":""},"product_brand":[],"product_cat":[87,88,455,132],"product_tag":[456,457,458],"class_list":{"0":"post-18376","1":"product","2":"type-product","3":"status-publish","4":"has-post-thumbnail","6":"product_cat-armaturen","7":"product_cat-inbouwspots","8":"product_cat-led-downlights","9":"product_cat-led-spots","10":"product_tag-dimbare-led-armatuur","11":"product_tag-led-inbouwspot","12":"product_tag-wit","14":"first","15":"outofstock","16":"taxable","17":"shipping-taxable","18":"purchasable","19":"product-type-simple"},"_links":{"self":[{"href":"https:\/\/ledshoponline.be\/de\/wp-json\/wp\/v2\/product\/18376","targetHints":{"allow":["GET"]}}],"collection":[{"href":"https:\/\/ledshoponline.be\/de\/wp-json\/wp\/v2\/product"}],"about":[{"href":"https:\/\/ledshoponline.be\/de\/wp-json\/wp\/v2\/types\/product"}],"replies":[{"embeddable":true,"href":"https:\/\/ledshoponline.be\/de\/wp-json\/wp\/v2\/comments?post=18376"}],"version-history":[{"count":1,"href":"https:\/\/ledshoponline.be\/de\/wp-json\/wp\/v2\/product\/18376\/revisions"}],"predecessor-version":[{"id":561576,"href":"https:\/\/ledshoponline.be\/de\/wp-json\/wp\/v2\/product\/18376\/revisions\/561576"}],"wp:featuredmedia":[{"embeddable":true,"href":"https:\/\/ledshoponline.be\/de\/wp-json\/wp\/v2\/media\/18377"}],"wp:attachment":[{"href":"https:\/\/ledshoponline.be\/de\/wp-json\/wp\/v2\/media?parent=18376"}],"wp:term":[{"taxonomy":"product_brand","embeddable":true,"href":"https:\/\/ledshoponline.be\/de\/wp-json\/wp\/v2\/product_brand?post=18376"},{"taxonomy":"product_cat","embeddable":true,"href":"https:\/\/ledshoponline.be\/de\/wp-json\/wp\/v2\/product_cat?post=18376"},{"taxonomy":"product_tag","embeddable":true,"href":"https:\/\/ledshoponline.be\/de\/wp-json\/wp\/v2\/product_tag?post=18376"}],"curies":[{"name":"wp","href":"https:\/\/api.w.org\/{rel}","templated":true}]}}