{"id":18340,"date":"2015-12-01T12:16:49","date_gmt":"2015-12-01T12:16:49","guid":{"rendered":"https:\/\/hlncaxea.a2hosted.com\/?post_type=product&#038;p=18340"},"modified":"2025-12-30T10:33:07","modified_gmt":"2025-12-30T10:33:07","slug":"led-paneel-120x30-oberflachenmontage-aluminiumrahmen-2","status":"publish","type":"product","link":"https:\/\/ledshoponline.be\/de\/shop\/producten\/led-panelen\/led-paneel-120x30-opbouw-aluminium-opbouw-frame\/","title":{"rendered":"Wei\u00dfer Aufputzrahmen f\u00fcr Led-Panel 120\u00d730"},"content":{"rendered":"<p>Der Aufputzrahmen besteht aus 4 Teilen. Die Teile werden mit Hilfe des mitgelieferten Zubeh\u00f6rs montiert.<br \/>\nDie Gesamth\u00f6he betr\u00e4gt 5cm<\/p>\n<p><strong>Kein LED-Panel enthalten, sondern nur ein Rahmen zur Befestigung eines LED-Panels an der Decke.<\/strong><\/p>","protected":false},"excerpt":{"rendered":"<p>Der perfekte Partner f\u00fcr die Montage eines LED-Panels 120\u00d730 an der Decke. Hergestellt aus wei\u00df eloxiertem Aluminium. Der Rahmen ist mit dem mitgelieferten Kit einfach zu montieren.<\/p>","protected":false},"featured_media":18341,"comment_status":"closed","ping_status":"closed","template":"","meta":{"_seopress_robots_primary_cat":"none","_seopress_titles_title":"","_seopress_titles_desc":"","_seopress_robots_index":""},"product_brand":[],"product_cat":[259],"product_tag":[449],"class_list":{"0":"post-18340","1":"product","2":"type-product","3":"status-publish","4":"has-post-thumbnail","6":"product_cat-led-panelen","7":"product_tag-opbouwframe-led-paneel","9":"first","10":"instock","11":"sale","12":"taxable","13":"shipping-taxable","14":"purchasable","15":"product-type-simple"},"_links":{"self":[{"href":"https:\/\/ledshoponline.be\/de\/wp-json\/wp\/v2\/product\/18340","targetHints":{"allow":["GET"]}}],"collection":[{"href":"https:\/\/ledshoponline.be\/de\/wp-json\/wp\/v2\/product"}],"about":[{"href":"https:\/\/ledshoponline.be\/de\/wp-json\/wp\/v2\/types\/product"}],"replies":[{"embeddable":true,"href":"https:\/\/ledshoponline.be\/de\/wp-json\/wp\/v2\/comments?post=18340"}],"version-history":[{"count":1,"href":"https:\/\/ledshoponline.be\/de\/wp-json\/wp\/v2\/product\/18340\/revisions"}],"predecessor-version":[{"id":653302,"href":"https:\/\/ledshoponline.be\/de\/wp-json\/wp\/v2\/product\/18340\/revisions\/653302"}],"wp:featuredmedia":[{"embeddable":true,"href":"https:\/\/ledshoponline.be\/de\/wp-json\/wp\/v2\/media\/18341"}],"wp:attachment":[{"href":"https:\/\/ledshoponline.be\/de\/wp-json\/wp\/v2\/media?parent=18340"}],"wp:term":[{"taxonomy":"product_brand","embeddable":true,"href":"https:\/\/ledshoponline.be\/de\/wp-json\/wp\/v2\/product_brand?post=18340"},{"taxonomy":"product_cat","embeddable":true,"href":"https:\/\/ledshoponline.be\/de\/wp-json\/wp\/v2\/product_cat?post=18340"},{"taxonomy":"product_tag","embeddable":true,"href":"https:\/\/ledshoponline.be\/de\/wp-json\/wp\/v2\/product_tag?post=18340"}],"curies":[{"name":"wp","href":"https:\/\/api.w.org\/{rel}","templated":true}]}}