{"id":18229,"date":"2015-06-16T14:42:17","date_gmt":"2015-06-16T14:42:17","guid":{"rendered":"https:\/\/hlncaxea.a2hosted.com\/?post_type=product&#038;p=18229"},"modified":"2025-12-30T10:34:05","modified_gmt":"2025-12-30T10:34:05","slug":"60-cm-led-leuchtstoffrohre-10w-t8-warmweis-2","status":"publish","type":"product","link":"https:\/\/ledshoponline.be\/de\/shop\/producten\/led-tl-buizen\/60cm-led-tl\/60-cm-led-tl-10w-t8-warm-wit-830\/","title":{"rendered":"60 cm LED TL 10W T8 warm-wei\u00df 830"},"content":{"rendered":"<div>\n<div>\n<p>Viele Menschen wissen nicht, dass es m\u00f6glich ist, aber selbst Leuchtstoffr\u00f6hren k\u00f6nnen durch\u00a0<strong>LED-Leuchtstoffr\u00f6hren<\/strong>. Unser neuestes Modell k\u00f6nnen Sie hier sehen.<\/p>\n<\/div>\n<p>Diese vierte Generation ist mit SMD-LEDs ausgestattet. Nach jahrelanger Erfahrung k\u00f6nnen wir best\u00e4tigen, dass diese\u00a0<strong>LEDs<\/strong>\u00a0haben nicht nur den h\u00f6chsten Wirkungsgrad und die sch\u00f6nste Lichtfarbe, sondern sind auch die zuverl\u00e4ssigsten.<\/p>\n<p><strong>SMD-LEDs<\/strong>\u00a0werden seit Jahrzehnten z. B. in digitalen Radioweckern mit 24-Stunden-Licht eingesetzt. Sie haben sich in puncto Lebensdauer bereits ausgiebig bew\u00e4hrt. Erst seit ein paar Jahren gibt es diese LEDs auch in normalen Lichtfarben.<\/p>\n<p>Unter\u00a0<strong>YARLED\u00a0<\/strong><strong>TL\u00a0<\/strong>Version haben wir die allerneuesten SMD-LEDs und unsere neue Elektronik mit einer Effizienz von \u00fcber 110 Lumen pro Watt eingesetzt. Das ist mehr als doppelt so viel wie bei einer herk\u00f6mmlichen\u00a0<strong>Leuchtstoffr\u00f6hre.<\/strong><\/p>\n<p>A\u00a0<strong>LED-FLUORESZENZ\u00a0<\/strong>sparen Sie \u00fcber 60% an Energie, ohne dass ein merklicher Unterschied in der Lichtleistung entsteht. Ein weiterer Vorteil ist die l\u00e4ngere Lebensdauer.<br \/>\nEine normale\u00a0<strong>Leuchtstoffr\u00f6hre\u00a0<\/strong>halten in der Praxis nur 10.000 Stunden, ein\u00a0<strong>LED-Leuchtstoffr\u00f6hre\u00a0<\/strong>mindestens 50.000 Stunden. Zus\u00e4tzlich zu den betr\u00e4chtlichen Einsparungen auf Ihrer Energierechnung, sparen LED-Leuchtstoffr\u00f6hren daher auch erheblich bei den Ersatzkosten. Daher ist der Ersatz Ihrer herk\u00f6mmlichen Leuchtstoffr\u00f6hren durch\u00a0<strong>LED-Leuchtstoffr\u00f6hren<\/strong>\u00a0eine sehr attraktive Investition, die sich in den meisten F\u00e4llen innerhalb von 2 Jahren amortisiert und dann rund 20 Jahre lang finanzielle Vorteile bringt.<\/p>\n<p><strong>Was unsere LED-Leuchtstofflampen so einzigartig macht:<\/strong><\/p>\n<p>Als Basis dient zum Beispiel ein w\u00e4rmeleitender doppelwandiger Aluminiumrahmen, der die von den LEDs erzeugte W\u00e4rme \u00fcber die R\u00fcckseite der R\u00f6hre ableitet.<\/p>\n<p>Sie werden oft sehen, dass bei\u00a0<strong>LED-FLUORESZENZ<\/strong>\u00a0dass die LEDs komplett von einer Glasr\u00f6hre umschlossen sind; die LEDs k\u00f6nnen dann ihre W\u00e4rme nicht richtig ableiten und gehen viel schneller kaputt. Das ist bei YARLED kein Thema. Au\u00dferdem ist unser\u00a0<strong>LED-FLUORESZENZ\u00a0<\/strong>eine mattierte Acrylglasabdeckung, die das Licht gut verteilt und verhindert, dass man die LEDs sieht. Diese neue Abdeckung sorgt daf\u00fcr, dass die eingeschaltete LED-Leuchtstoffr\u00f6hre aus der Ferne genau so aussieht wie eine normale\u00a0<strong>LED-FLUORESZENZ<\/strong>. Sie werden den Unterschied nicht bemerken! Die Enden sind aus extra stabilem Kunststoff gefertigt, so dass diese Rohre besonders haltbar sind und bei jeder<br \/>\nTransport nicht besch\u00e4digt werden kann.<\/p>\n<p><strong>Wie man es installiert:<\/strong><\/p>\n<ul>\n<li>Haben Sie eine Halterung mit Anlasser?<br \/>\nNehmen Sie den Starter heraus, ersetzen Sie ihn durch den mitgelieferten LED-Starter und setzen Sie die LED-Leuchtstoffr\u00f6hre ein. Fertig (siehe Schema)<\/li>\n<\/ul>\n<ul>\n<li>\n<div><strong>Achtung!<br \/>\nWenn die Leuchtstofflampe ein Hochfrequenz-Vorschaltger\u00e4t verwendet, entfernen Sie es aus dem Stromkreis und schlie\u00dfen Sie es wie in der Abbildung unten dargestellt an einer Seite an.<\/strong><\/div>\n<\/li>\n<\/ul>\n<p>Mit LED-Starter:<\/p>\n<p><img decoding=\"async\" class=\"alignnone wp-image-18225 size-full\" title=\"Mit LED-Starter\" src=\"https:\/\/ledshoponline.be\/wp-content\/uploads\/2015\/06\/one-side-with-LED-starter-Mobile-Met-ledstarter.jpg\" alt=\"Mit LED-Starter\" width=\"480\" height=\"134\" \/><\/p>\n<p><strong>Ohne Anlasser, ein Hochfrequenz-Vorschaltger\u00e4t:<\/strong><\/p>\n<p><img decoding=\"async\" class=\"size-full wp-image-18227\" src=\"https:\/\/ledshoponline.be\/wp-content\/uploads\/2015\/06\/Schema-LED-TL-Hoogfrequent-13-LED-tl-schema.jpg\" alt=\"LED-Leuchtstoffr\u00f6hre\" width=\"387\" height=\"292\" \/><\/p>\n<\/div>\n<p><span style=\"line-height: 1.5em;\">\u00a0<\/span><\/p>","protected":false},"excerpt":{"rendered":"<p><span style=\"font-size: 10pt;\">LED-Leuchtstoffr\u00f6hre 60cm mit einer Effizienz von 110 Lumen pro Watt. Das ist dreimal mehr als eine herk\u00f6mmliche Leuchtstoffr\u00f6hre.<br \/>\n<\/span><\/p>","protected":false},"featured_media":16762,"comment_status":"closed","ping_status":"closed","template":"","meta":{"_seopress_robots_primary_cat":"none","_seopress_titles_title":"","_seopress_titles_desc":"","_seopress_robots_index":""},"product_brand":[],"product_cat":[50,49],"product_tag":[408,409,218],"class_list":{"0":"post-18229","1":"product","2":"type-product","3":"status-publish","4":"has-post-thumbnail","6":"product_cat-60cm-led-tl","7":"product_cat-led-tl-buizen","8":"product_tag-60cm-led-tl","9":"product_tag-led-buis","10":"product_tag-led-tl","12":"first","13":"instock","14":"sale","15":"taxable","16":"shipping-taxable","17":"purchasable","18":"product-type-simple"},"_links":{"self":[{"href":"https:\/\/ledshoponline.be\/de\/wp-json\/wp\/v2\/product\/18229","targetHints":{"allow":["GET"]}}],"collection":[{"href":"https:\/\/ledshoponline.be\/de\/wp-json\/wp\/v2\/product"}],"about":[{"href":"https:\/\/ledshoponline.be\/de\/wp-json\/wp\/v2\/types\/product"}],"replies":[{"embeddable":true,"href":"https:\/\/ledshoponline.be\/de\/wp-json\/wp\/v2\/comments?post=18229"}],"version-history":[{"count":1,"href":"https:\/\/ledshoponline.be\/de\/wp-json\/wp\/v2\/product\/18229\/revisions"}],"predecessor-version":[{"id":653304,"href":"https:\/\/ledshoponline.be\/de\/wp-json\/wp\/v2\/product\/18229\/revisions\/653304"}],"wp:featuredmedia":[{"embeddable":true,"href":"https:\/\/ledshoponline.be\/de\/wp-json\/wp\/v2\/media\/16762"}],"wp:attachment":[{"href":"https:\/\/ledshoponline.be\/de\/wp-json\/wp\/v2\/media?parent=18229"}],"wp:term":[{"taxonomy":"product_brand","embeddable":true,"href":"https:\/\/ledshoponline.be\/de\/wp-json\/wp\/v2\/product_brand?post=18229"},{"taxonomy":"product_cat","embeddable":true,"href":"https:\/\/ledshoponline.be\/de\/wp-json\/wp\/v2\/product_cat?post=18229"},{"taxonomy":"product_tag","embeddable":true,"href":"https:\/\/ledshoponline.be\/de\/wp-json\/wp\/v2\/product_tag?post=18229"}],"curies":[{"name":"wp","href":"https:\/\/api.w.org\/{rel}","templated":true}]}}