{"id":18147,"date":"2015-05-19T14:52:38","date_gmt":"2015-05-19T14:52:38","guid":{"rendered":"https:\/\/hlncaxea.a2hosted.com\/?post_type=product&#038;p=18147"},"modified":"2025-03-09T19:41:33","modified_gmt":"2025-03-09T19:41:33","slug":"led-dimmer-fur-dimmbare-230v-led-einbaulampen-3-60w-2","status":"publish","type":"product","link":"https:\/\/ledshoponline.be\/de\/shop\/producten\/toebehoren\/230v-led-dimmers\/led-dimmer-voor-dimbare-230v-led-lampen-inbouw-3-60w\/","title":{"rendered":"LED-Dimmer f\u00fcr dimmbare 230v LED-Einbaulampen wei\u00df | 3-60W"},"content":{"rendered":"<p>Ein LED-Einbaudimmer, der f\u00fcr fast alle dimmbaren LED-Lampen aller Marken geeignet ist, einschlie\u00dflich: Philips, Ikea und Osram. Dieser Dimmer funktioniert sowohl im Phase-On- als auch im Phase-Off-Betrieb.<\/p>\n<p>Im Handel kosten diese Dimmer durchschnittlich 50-80 Euro, aber um unseren Kunden entgegenzukommen, bieten wir sie zu einem sehr g\u00fcnstigen Preis an.<\/p>\n<ul>\n<li>Belastung: 3-60 Watt<\/li>\n<li>Eingangsspannung: 220 - 240VAC 50~60Hz<\/li>\n<li>Druckknopf Ein\/Aus<\/li>\n<li>Drehknopf zur Regulierung der Helligkeit<\/li>\n<li>Einpolig<\/li>\n<\/ul>","protected":false},"excerpt":{"rendered":"<p>Einzigartiger Dimmer, der f\u00fcr fast alle dimmbaren 230-V-LED-Lampen und LED-Strahler geeignet ist. Dieser Dimmer funktioniert sowohl auf Phase ein und Phase aus.<\/p>","protected":false},"featured_media":18148,"comment_status":"closed","ping_status":"closed","template":"","meta":{"_seopress_robots_primary_cat":"","_seopress_titles_title":"","_seopress_titles_desc":"","_seopress_robots_index":""},"product_brand":[],"product_cat":[86,19,42],"product_tag":[263,368],"class_list":{"0":"post-18147","1":"product","2":"type-product","3":"status-publish","4":"has-post-thumbnail","6":"product_cat-230v-led-dimmers","7":"product_cat-producten","8":"product_cat-toebehoren","9":"product_tag-led-dimmer","10":"product_tag-triac-dimmer","12":"first","13":"instock","14":"sale","15":"taxable","16":"shipping-taxable","17":"purchasable","18":"product-type-simple"},"_links":{"self":[{"href":"https:\/\/ledshoponline.be\/de\/wp-json\/wp\/v2\/product\/18147","targetHints":{"allow":["GET"]}}],"collection":[{"href":"https:\/\/ledshoponline.be\/de\/wp-json\/wp\/v2\/product"}],"about":[{"href":"https:\/\/ledshoponline.be\/de\/wp-json\/wp\/v2\/types\/product"}],"replies":[{"embeddable":true,"href":"https:\/\/ledshoponline.be\/de\/wp-json\/wp\/v2\/comments?post=18147"}],"version-history":[{"count":0,"href":"https:\/\/ledshoponline.be\/de\/wp-json\/wp\/v2\/product\/18147\/revisions"}],"wp:featuredmedia":[{"embeddable":true,"href":"https:\/\/ledshoponline.be\/de\/wp-json\/wp\/v2\/media\/18148"}],"wp:attachment":[{"href":"https:\/\/ledshoponline.be\/de\/wp-json\/wp\/v2\/media?parent=18147"}],"wp:term":[{"taxonomy":"product_brand","embeddable":true,"href":"https:\/\/ledshoponline.be\/de\/wp-json\/wp\/v2\/product_brand?post=18147"},{"taxonomy":"product_cat","embeddable":true,"href":"https:\/\/ledshoponline.be\/de\/wp-json\/wp\/v2\/product_cat?post=18147"},{"taxonomy":"product_tag","embeddable":true,"href":"https:\/\/ledshoponline.be\/de\/wp-json\/wp\/v2\/product_tag?post=18147"}],"curies":[{"name":"wp","href":"https:\/\/api.w.org\/{rel}","templated":true}]}}