{"id":18120,"date":"2015-03-15T12:36:54","date_gmt":"2015-03-15T12:36:54","guid":{"rendered":"https:\/\/hlncaxea.a2hosted.com\/?post_type=product&#038;p=18120"},"modified":"2025-03-09T19:41:27","modified_gmt":"2025-03-09T19:41:27","slug":"milight-wifi-controller-iphoneandroid-12v24v-2","status":"publish","type":"product","link":"https:\/\/ledshoponline.be\/de\/shop\/producten\/led-strips\/led-strips-toebehoren\/milight-wifi-controller-iphoneandroid-12v24v-2\/","title":{"rendered":"Milight Wifi Controller Set Iphone\/Android 12v\/24v"},"content":{"rendered":"<p>Mit dem WiFi-LED-Controller k\u00f6nnen Sie Ihre Konstantspannungs-LED-Anwendungen (z.B. LED-Streifen) ganz einfach und bequem mit Ihrem Smartphone\/Tablet (Android oder IOS) steuern. Verschiedene Funktionen wie stufenlose Farbsteuerung \u00fcber ein ber\u00fchrungsempfindliches Farbrad, Dimmen oder Automatikprogramme sind hier verf\u00fcgbar.<\/p>\n<p><strong>Wie funktioniert das?<\/strong><\/p>\n<p>Sie schlie\u00dfen es wie folgt an: 12V Transformator &gt; rgbw Controller &gt; RGB LED Streifen.<br \/>\nDie WiFi iBox wird mit dem mitgelieferten USB-Kabel an einen USB-Hub oder Adapter angeschlossen.<br \/>\nSobald dies geschehen ist, k\u00f6nnen Sie alles mit der App auf Ihrem Android- oder iPhone-Smartphone steuern. Es funktioniert auch mit einem Ipad und der mitgelieferten Fernbedienung.<\/p>\n<p><b>Im Set enthalten:<\/b><\/p>\n<ul>\n<li>2.4G RF Touch-Fernbedienung f\u00fcr LED-Leisten<\/li>\n<li>WiFi iBox<\/li>\n<li>Rgbw-Controller<\/li>\n<li>2x AAA-Batterien.<\/li>\n<\/ul>","protected":false},"excerpt":{"rendered":"<p>Ein wifi RGB(w)-Controller zur Steuerung Ihrer RGB(w)-LED-Streifen mit Ihrem Iphone, Ipad oder Android-Ger\u00e4t.<\/p>\n<p>Empfangsreichweite: bis zu 50 m.<\/p>","protected":false},"featured_media":18121,"comment_status":"open","ping_status":"closed","template":"","meta":{"_seopress_robots_primary_cat":"","_seopress_titles_title":"","_seopress_titles_desc":"","_seopress_robots_index":""},"product_brand":[],"product_cat":[41,19,324],"product_tag":[325,326,327],"class_list":{"0":"post-18120","1":"product","2":"type-product","3":"status-publish","4":"has-post-thumbnail","6":"product_cat-led-strips-toebehoren","7":"product_cat-producten","8":"product_cat-rgb-controller-remote","9":"product_tag-android-controller","10":"product_tag-iphone-rgb-controller","11":"product_tag-rgb-wifi-controller","13":"first","14":"outofstock","15":"taxable","16":"shipping-taxable","17":"purchasable","18":"product-type-simple"},"_links":{"self":[{"href":"https:\/\/ledshoponline.be\/de\/wp-json\/wp\/v2\/product\/18120","targetHints":{"allow":["GET"]}}],"collection":[{"href":"https:\/\/ledshoponline.be\/de\/wp-json\/wp\/v2\/product"}],"about":[{"href":"https:\/\/ledshoponline.be\/de\/wp-json\/wp\/v2\/types\/product"}],"replies":[{"embeddable":true,"href":"https:\/\/ledshoponline.be\/de\/wp-json\/wp\/v2\/comments?post=18120"}],"version-history":[{"count":0,"href":"https:\/\/ledshoponline.be\/de\/wp-json\/wp\/v2\/product\/18120\/revisions"}],"wp:featuredmedia":[{"embeddable":true,"href":"https:\/\/ledshoponline.be\/de\/wp-json\/wp\/v2\/media\/18121"}],"wp:attachment":[{"href":"https:\/\/ledshoponline.be\/de\/wp-json\/wp\/v2\/media?parent=18120"}],"wp:term":[{"taxonomy":"product_brand","embeddable":true,"href":"https:\/\/ledshoponline.be\/de\/wp-json\/wp\/v2\/product_brand?post=18120"},{"taxonomy":"product_cat","embeddable":true,"href":"https:\/\/ledshoponline.be\/de\/wp-json\/wp\/v2\/product_cat?post=18120"},{"taxonomy":"product_tag","embeddable":true,"href":"https:\/\/ledshoponline.be\/de\/wp-json\/wp\/v2\/product_tag?post=18120"}],"curies":[{"name":"wp","href":"https:\/\/api.w.org\/{rel}","templated":true}]}}