{"id":17994,"date":"2015-01-24T12:36:08","date_gmt":"2015-01-24T12:36:08","guid":{"rendered":"https:\/\/hlncaxea.a2hosted.com\/?post_type=product&#038;p=17994"},"modified":"2025-03-09T19:41:18","modified_gmt":"2025-03-09T19:41:18","slug":"deckenleuchte-2x-ar111-matt-weis-2","status":"publish","type":"product","link":"https:\/\/ledshoponline.be\/de\/shop\/producten\/led-spots\/led-g53-ar111-12v\/plafond-lamp-2x-ar111-mat-wit-2\/","title":{"rendered":"Deckenleuchte 2x ar111 matt wei\u00df"},"content":{"rendered":"<p><strong>Abmessungen:<\/strong><br \/>\nH\u00f6he: 17,5 cm<br \/>\nBreite: 30 cm<br \/>\nTiefe: 10 - 14 cm<br \/>\nSpot: Durchmesser: 11,5 cm, Dicke: 2 cm<br \/>\nDeckenteller: Breite: 30 cm, Tiefe: 10 cm, H\u00f6he: 3,5 cm<br \/>\nMontageplatte: 12 x 9 cm<\/p>\n<p>Der elektronische Einbau-Halogen-Transformator ist mit jedem sogenannten \"Tronic\"-Halogen-Dimmer dimmbar.<\/p>","protected":false},"excerpt":{"rendered":"<p>Sehr preisg\u00fcnstige LED AR111 Leuchte. Geliefert mit 2 x 10W ar111 2700k warm-wei\u00df ersetzt 2x50W Halogen und eingebauten 12v Transformator 2700k warm-wei\u00df. Jetzt auch dimmbar!<\/p>","protected":false},"featured_media":17995,"comment_status":"closed","ping_status":"closed","template":"","meta":{"_seopress_robots_primary_cat":"","_seopress_titles_title":"","_seopress_titles_desc":"","_seopress_robots_index":""},"product_brand":[],"product_cat":[294,165],"product_tag":[278],"class_list":{"0":"post-17994","1":"product","2":"type-product","3":"status-publish","4":"has-post-thumbnail","6":"product_cat-led-g53-ar111-12v","7":"product_cat-plafondlampen","8":"product_tag-led-ar111-armatuur","10":"first","11":"outofstock","12":"taxable","13":"shipping-taxable","14":"purchasable","15":"product-type-simple"},"_links":{"self":[{"href":"https:\/\/ledshoponline.be\/de\/wp-json\/wp\/v2\/product\/17994","targetHints":{"allow":["GET"]}}],"collection":[{"href":"https:\/\/ledshoponline.be\/de\/wp-json\/wp\/v2\/product"}],"about":[{"href":"https:\/\/ledshoponline.be\/de\/wp-json\/wp\/v2\/types\/product"}],"replies":[{"embeddable":true,"href":"https:\/\/ledshoponline.be\/de\/wp-json\/wp\/v2\/comments?post=17994"}],"version-history":[{"count":0,"href":"https:\/\/ledshoponline.be\/de\/wp-json\/wp\/v2\/product\/17994\/revisions"}],"wp:featuredmedia":[{"embeddable":true,"href":"https:\/\/ledshoponline.be\/de\/wp-json\/wp\/v2\/media\/17995"}],"wp:attachment":[{"href":"https:\/\/ledshoponline.be\/de\/wp-json\/wp\/v2\/media?parent=17994"}],"wp:term":[{"taxonomy":"product_brand","embeddable":true,"href":"https:\/\/ledshoponline.be\/de\/wp-json\/wp\/v2\/product_brand?post=17994"},{"taxonomy":"product_cat","embeddable":true,"href":"https:\/\/ledshoponline.be\/de\/wp-json\/wp\/v2\/product_cat?post=17994"},{"taxonomy":"product_tag","embeddable":true,"href":"https:\/\/ledshoponline.be\/de\/wp-json\/wp\/v2\/product_tag?post=17994"}],"curies":[{"name":"wp","href":"https:\/\/api.w.org\/{rel}","templated":true}]}}