{"id":17970,"date":"2015-01-24T12:31:50","date_gmt":"2015-01-24T12:31:50","guid":{"rendered":"https:\/\/hlncaxea.a2hosted.com\/?post_type=product&#038;p=17970"},"modified":"2025-03-09T19:41:16","modified_gmt":"2025-03-09T19:41:16","slug":"robuste-industrielle-led-deckenleuchten-2","status":"publish","type":"product","link":"https:\/\/ledshoponline.be\/de\/shop\/producten\/armaturen\/plafondlampen\/robuuste-industriele-led-plafondverlichting\/","title":{"rendered":"Robuste industrielle LED-Deckenleuchten"},"content":{"rendered":"<h2 class=\"wp-block-heading\">Sie suchen eine leistungsstarke Deckenleuchte, die perfekt in eine industrielle Einrichtung passt?<\/h2>\n\n\n\n<p>Diese Deckenleuchte aus Metall ist eine gute Wahl! Trotz ihrer Gr\u00f6\u00dfe sorgt der offene Lampenschirm f\u00fcr einen ger\u00e4umigen Effekt.<\/p>\n\n\n\n<h3 class=\"wp-block-heading\">Vorteile dieser Deckenleuchte aus schwarzem Metall:<\/h3>\n\n\n\n<p>- Einzigartige Erg\u00e4nzung f\u00fcr Ihr Interieur<br>- Bietet ein gro\u00dfz\u00fcgiges, offenes Erscheinungsbild<br>- Optimale Lichtleistung<br>- Kann mit anderen Lampen derselben Serie kombiniert werden<\/p>\n\n\n\n<h3 class=\"wp-block-heading\">Gro\u00dfe industrielle Deckenleuchte<\/h3>\n\n\n\n<p>Diese Deckenleuchte hat eine E27-Fassung und wird mit einer 6-W-LED-Filament-Gl\u00fchbirne geliefert, die f\u00fcr das beste industrielle Ambiente sorgt.<\/p>\n\n\n\n<h2 class=\"wp-block-heading\">Abmessungen:<\/h2>\n\n\n\n<p><strong>Gesamtabmessungen:<\/strong><\/p>\n\n\n\n<p>H\u00f6he: 20,00 cm<br>Durchmesser: 40,00 cm<\/p>\n\n\n\n<p><strong>Kappe:<\/strong><\/p>\n\n\n\n<p>H\u00f6he: 17,00 cm<br>Durchmesser: 40,00 cm<\/p>\n\n\n\n<p><strong>Halterung:<\/strong><\/p>\n\n\n\n<p>L\u00e4nge: 11,50 cm<\/p>\n\n\n\n<p><strong>Deckenkappe:<\/strong><\/p>\n\n\n\n<p>H\u00f6he: 2,50 cm<br>Durchmesser: 12,00 cm<\/p>","protected":false},"excerpt":{"rendered":"<p>Sie suchen eine leistungsstarke Deckenleuchte, die perfekt in ein industrielles Interieur passt? Diese Deckenlampe aus Metall ist eine gute Wahl! Trotz<\/p>","protected":false},"featured_media":17971,"comment_status":"closed","ping_status":"closed","template":"","meta":{"_seopress_robots_primary_cat":"","_seopress_titles_title":"","_seopress_titles_desc":"","_seopress_robots_index":""},"product_brand":[],"product_cat":[87,165,19],"product_tag":[278],"class_list":{"0":"post-17970","1":"product","2":"type-product","3":"status-publish","4":"has-post-thumbnail","6":"product_cat-armaturen","7":"product_cat-plafondlampen","8":"product_cat-producten","9":"product_tag-led-ar111-armatuur","11":"first","12":"instock","13":"sale","14":"taxable","15":"shipping-taxable","16":"purchasable","17":"product-type-simple"},"_links":{"self":[{"href":"https:\/\/ledshoponline.be\/de\/wp-json\/wp\/v2\/product\/17970","targetHints":{"allow":["GET"]}}],"collection":[{"href":"https:\/\/ledshoponline.be\/de\/wp-json\/wp\/v2\/product"}],"about":[{"href":"https:\/\/ledshoponline.be\/de\/wp-json\/wp\/v2\/types\/product"}],"replies":[{"embeddable":true,"href":"https:\/\/ledshoponline.be\/de\/wp-json\/wp\/v2\/comments?post=17970"}],"version-history":[{"count":0,"href":"https:\/\/ledshoponline.be\/de\/wp-json\/wp\/v2\/product\/17970\/revisions"}],"wp:featuredmedia":[{"embeddable":true,"href":"https:\/\/ledshoponline.be\/de\/wp-json\/wp\/v2\/media\/17971"}],"wp:attachment":[{"href":"https:\/\/ledshoponline.be\/de\/wp-json\/wp\/v2\/media?parent=17970"}],"wp:term":[{"taxonomy":"product_brand","embeddable":true,"href":"https:\/\/ledshoponline.be\/de\/wp-json\/wp\/v2\/product_brand?post=17970"},{"taxonomy":"product_cat","embeddable":true,"href":"https:\/\/ledshoponline.be\/de\/wp-json\/wp\/v2\/product_cat?post=17970"},{"taxonomy":"product_tag","embeddable":true,"href":"https:\/\/ledshoponline.be\/de\/wp-json\/wp\/v2\/product_tag?post=17970"}],"curies":[{"name":"wp","href":"https:\/\/api.w.org\/{rel}","templated":true}]}}