{"id":17937,"date":"2014-10-07T21:22:55","date_gmt":"2014-10-07T21:22:55","guid":{"rendered":"https:\/\/hlncaxea.a2hosted.com\/?post_type=product&#038;p=17937"},"modified":"2025-09-22T20:40:20","modified_gmt":"2025-09-22T20:40:20","slug":"eltako-led-dimmer-100w","status":"publish","type":"product","link":"https:\/\/ledshoponline.be\/de\/shop\/producten\/toebehoren\/12v-24v-led-dimmers\/eltako-led-dimmer-100w\/","title":{"rendered":"ELTAKO LED-Dimmer 100W"},"content":{"rendered":"<p>Dieser LED-Dimmer ist ein sogenannter 3-Draht-Dimmer, was bedeutet, dass er 3 Stromleitungen ben\u00f6tigt. Er ben\u00f6tigt 230V. Die Bedienung erfolgt \u00fcber einen Impulsschalter.<\/p>\n<p><strong>Technische Daten:<\/strong><\/p>\n<p>- Universelle Steuerspannung 8 bis 253V AC oder 10 bis 230V DC<br \/>\n- F\u00fcr die Montage: 45 x 55 x 18 mm<br \/>\n- Geeignet f\u00fcr R-, L- und C-Lasten bis zu 400 W<br \/>\n- Geeignet f\u00fcr dimmbare Energiesparlampen (ESL) bis zu 100 W<br \/>\n- Geeignet f\u00fcr dimmbare 230V\u00a0<strong>LED<\/strong>\u00a0Lampen bis zu 100W<br \/>\n- Keine Mindeststeuer<\/p>\n<p>Dieser LED-Dimmer ist f\u00fcr den Einbau in eine Wand vorgesehen. Die Fronten sind standardm\u00e4\u00dfig austauschbar mit\u00a0<strong>JUNG \/ GIRA \/ BERKER \/ PEHA \/ NIKO<\/strong>\u00a0usw., so dass eine eigene Front, die zu Ihrer Schaltanlage passt, von nun an kein Problem mehr darstellt!<\/p>","protected":false},"excerpt":{"rendered":"<p>Dieser spezielle LED-Dimmer ist f\u00fcr alle dimmbaren 230v-LED-Lampen und dimmbaren 12v-LED-Trafos auf unserer Seite und auch f\u00fcr unseren \"dimmbaren 12v-LED-Trafo\" geeignet. Dieser LED-Dimmer erm\u00f6glicht ein stufenloses Dimmen mit einem Bereich von mindestens 90% ohne Flackern.<\/p>","protected":false},"featured_media":17938,"comment_status":"closed","ping_status":"closed","template":"","meta":{"_seopress_robots_primary_cat":"","_seopress_titles_title":"","_seopress_titles_desc":"","_seopress_robots_index":""},"product_brand":[],"product_cat":[44,86],"product_tag":[262,263],"class_list":{"0":"post-17937","1":"product","2":"type-product","3":"status-publish","4":"has-post-thumbnail","6":"product_cat-12v-24v-led-dimmers","7":"product_cat-230v-led-dimmers","8":"product_tag-eltako","9":"product_tag-led-dimmer","11":"first","12":"outofstock","13":"taxable","14":"shipping-taxable","15":"purchasable","16":"product-type-simple"},"_links":{"self":[{"href":"https:\/\/ledshoponline.be\/de\/wp-json\/wp\/v2\/product\/17937","targetHints":{"allow":["GET"]}}],"collection":[{"href":"https:\/\/ledshoponline.be\/de\/wp-json\/wp\/v2\/product"}],"about":[{"href":"https:\/\/ledshoponline.be\/de\/wp-json\/wp\/v2\/types\/product"}],"replies":[{"embeddable":true,"href":"https:\/\/ledshoponline.be\/de\/wp-json\/wp\/v2\/comments?post=17937"}],"version-history":[{"count":1,"href":"https:\/\/ledshoponline.be\/de\/wp-json\/wp\/v2\/product\/17937\/revisions"}],"predecessor-version":[{"id":624433,"href":"https:\/\/ledshoponline.be\/de\/wp-json\/wp\/v2\/product\/17937\/revisions\/624433"}],"wp:featuredmedia":[{"embeddable":true,"href":"https:\/\/ledshoponline.be\/de\/wp-json\/wp\/v2\/media\/17938"}],"wp:attachment":[{"href":"https:\/\/ledshoponline.be\/de\/wp-json\/wp\/v2\/media?parent=17937"}],"wp:term":[{"taxonomy":"product_brand","embeddable":true,"href":"https:\/\/ledshoponline.be\/de\/wp-json\/wp\/v2\/product_brand?post=17937"},{"taxonomy":"product_cat","embeddable":true,"href":"https:\/\/ledshoponline.be\/de\/wp-json\/wp\/v2\/product_cat?post=17937"},{"taxonomy":"product_tag","embeddable":true,"href":"https:\/\/ledshoponline.be\/de\/wp-json\/wp\/v2\/product_tag?post=17937"}],"curies":[{"name":"wp","href":"https:\/\/api.w.org\/{rel}","templated":true}]}}