{"id":17933,"date":"2014-09-28T20:35:54","date_gmt":"2014-09-28T20:35:54","guid":{"rendered":"https:\/\/hlncaxea.a2hosted.com\/?post_type=product&#038;p=17933"},"modified":"2025-03-09T19:41:11","modified_gmt":"2025-03-09T19:41:11","slug":"ip65-schwenkbarer-led-einbaustrahler-aluminium-geschliffen-2","status":"publish","type":"product","link":"https:\/\/ledshoponline.be\/de\/shop\/producten\/armaturen\/inbouwspots\/ip65-kantelbare-led-inbouwspot-geschuurd-aluminium-2\/","title":{"rendered":"IP65 schwenkbarer LED-Einbaustrahler Aluminium geschliffen"},"content":{"rendered":"<p>Inklusive 1 Silikonring als Dichtung zwischen Decke und Strahler. Au\u00dferdem ein Gummiring als zus\u00e4tzliche Dichtung f\u00fcr den Spotring mit Glas.<\/p>\n<p>Die Dichtheitsklasse ist IP65. (spritzwassergesch\u00fctzt und staubdicht)<br \/>\nSo ist er auch f\u00fcr das Badezimmer und sogar die Duschkabine geeignet. Auch f\u00fcr den Au\u00dfenbereich geeignet.<\/p>\n<h3><strong>Abmessungen:<\/strong><\/h3>\n<p><strong>Durchmesser:<\/strong>\u00a09,1 cm<br \/>\n<strong>H\u00f6he:<\/strong>\u00a01,2 cm<br \/>\n<strong>Tiefe der Vertiefung:<\/strong>\u00a09,5 cm.<br \/>\n<strong>B\u00fcrgschaft:<\/strong>\u00a03 Jahre<\/p>\n<p class=\"head\"><strong>Schnittgr\u00f6\u00dfe: \u2192 Gr\u00f6\u00dfe kann leicht variieren!<\/strong><\/p>\n<p><span class=\"size_label\">Durchmesser:<\/span>6,50 cm<\/p>","protected":false},"excerpt":{"rendered":"<p>Runder wasserdichter Einbaustrahler IP65 f\u00fcr den Einsatz im Bad oder im Freien.\u00a0<strong>Mit austauschbarem LED-Strahler 5-6W warm-wei\u00df ersetzt 50W Halogen<\/strong>. Hergestellt aus einem einzigen St\u00fcck massiven Aluminiums. MAT geschliffenes Aluminium.<\/p>","protected":false},"featured_media":17934,"comment_status":"closed","ping_status":"closed","template":"","meta":{"_seopress_robots_primary_cat":"","_seopress_titles_title":"","_seopress_titles_desc":"","_seopress_robots_index":""},"product_brand":[],"product_cat":[88],"product_tag":[260,261,196],"class_list":{"0":"post-17933","1":"product","2":"type-product","3":"status-publish","4":"has-post-thumbnail","6":"product_cat-inbouwspots","7":"product_tag-badkamer","8":"product_tag-ip65-armatuur","9":"product_tag-led-armatuur","11":"first","12":"instock","13":"taxable","14":"shipping-taxable","15":"purchasable","16":"product-type-simple"},"_links":{"self":[{"href":"https:\/\/ledshoponline.be\/de\/wp-json\/wp\/v2\/product\/17933","targetHints":{"allow":["GET"]}}],"collection":[{"href":"https:\/\/ledshoponline.be\/de\/wp-json\/wp\/v2\/product"}],"about":[{"href":"https:\/\/ledshoponline.be\/de\/wp-json\/wp\/v2\/types\/product"}],"replies":[{"embeddable":true,"href":"https:\/\/ledshoponline.be\/de\/wp-json\/wp\/v2\/comments?post=17933"}],"version-history":[{"count":0,"href":"https:\/\/ledshoponline.be\/de\/wp-json\/wp\/v2\/product\/17933\/revisions"}],"wp:featuredmedia":[{"embeddable":true,"href":"https:\/\/ledshoponline.be\/de\/wp-json\/wp\/v2\/media\/17934"}],"wp:attachment":[{"href":"https:\/\/ledshoponline.be\/de\/wp-json\/wp\/v2\/media?parent=17933"}],"wp:term":[{"taxonomy":"product_brand","embeddable":true,"href":"https:\/\/ledshoponline.be\/de\/wp-json\/wp\/v2\/product_brand?post=17933"},{"taxonomy":"product_cat","embeddable":true,"href":"https:\/\/ledshoponline.be\/de\/wp-json\/wp\/v2\/product_cat?post=17933"},{"taxonomy":"product_tag","embeddable":true,"href":"https:\/\/ledshoponline.be\/de\/wp-json\/wp\/v2\/product_tag?post=17933"}],"curies":[{"name":"wp","href":"https:\/\/api.w.org\/{rel}","templated":true}]}}