{"id":17912,"date":"2014-09-28T20:23:33","date_gmt":"2014-09-28T20:23:33","guid":{"rendered":"https:\/\/hlncaxea.a2hosted.com\/?post_type=product&#038;p=17912"},"modified":"2025-03-09T19:41:09","modified_gmt":"2025-03-09T19:41:09","slug":"ip65-schwenkbarer-led-einbaustrahler-weis-2","status":"publish","type":"product","link":"https:\/\/ledshoponline.be\/de\/shop\/producten\/armaturen\/badkamer-lampen\/ip65-kantelbare-led-inbouwspot-wit\/","title":{"rendered":"IP65 schwenkbares LED-Downlight wei\u00df"},"content":{"rendered":"<p>Inklusive 1 Silikonring als Dichtung zwischen Decke und Strahler. Au\u00dferdem ein Gummiring als zus\u00e4tzliche Dichtung f\u00fcr den Spotring mit Glas.<\/p>\n<p>Die Dichtheitsklasse ist IP65. (spritzwassergesch\u00fctzt und staubdicht)<br \/>\nSo ist er auch f\u00fcr das Badezimmer und sogar die Duschkabine geeignet. Auch f\u00fcr den Au\u00dfenbereich geeignet.<\/p>\n<h3><strong>Abmessungen:<\/strong><\/h3>\n<p><strong>Durchmesser:<\/strong> 9,1 cm<br \/>\n<strong>H\u00f6he:<\/strong> 1,2 cm<br \/>\n<strong>Tiefe der Vertiefung:<\/strong> 9,5 cm.<br \/>\n<strong>B\u00fcrgschaft:<\/strong> 2 Jahre<\/p>\n<p><strong>Schnittgr\u00f6\u00dfe: \u2192 Gr\u00f6\u00dfe kann leicht variieren!<\/strong><\/p>\n<p><strong>Durchmesser:<\/strong>\u00a07,00 cm<\/p>\n<p><strong>Einbautiefe<\/strong><\/p>\n<p><strong>Tiefe:\u00a0<\/strong>9,50 cm<\/p>","protected":false},"excerpt":{"rendered":"<p>Runder wasserdichter Einbaustrahler IP65 f\u00fcr Bad oder Au\u00dfenbereich. Mit austauschbarem LED-Strahler warm-wei\u00df ersetzt 50W Halogen. Hergestellt aus einem St\u00fcck massivem Aluminium.<\/p>","protected":false},"featured_media":17913,"comment_status":"closed","ping_status":"closed","template":"","meta":{"_seopress_robots_primary_cat":"","_seopress_titles_title":"","_seopress_titles_desc":"","_seopress_robots_index":""},"product_brand":[],"product_cat":[87,89,90,88],"product_tag":[257,258],"class_list":{"0":"post-17912","1":"product","2":"type-product","3":"status-publish","4":"has-post-thumbnail","6":"product_cat-armaturen","7":"product_cat-badkamer-lampen","8":"product_cat-buitenverlichting","9":"product_cat-inbouwspots","10":"product_tag-inbouw-armatuur","11":"product_tag-led-badkamer","13":"first","14":"instock","15":"taxable","16":"shipping-taxable","17":"purchasable","18":"product-type-simple"},"_links":{"self":[{"href":"https:\/\/ledshoponline.be\/de\/wp-json\/wp\/v2\/product\/17912","targetHints":{"allow":["GET"]}}],"collection":[{"href":"https:\/\/ledshoponline.be\/de\/wp-json\/wp\/v2\/product"}],"about":[{"href":"https:\/\/ledshoponline.be\/de\/wp-json\/wp\/v2\/types\/product"}],"replies":[{"embeddable":true,"href":"https:\/\/ledshoponline.be\/de\/wp-json\/wp\/v2\/comments?post=17912"}],"version-history":[{"count":0,"href":"https:\/\/ledshoponline.be\/de\/wp-json\/wp\/v2\/product\/17912\/revisions"}],"wp:featuredmedia":[{"embeddable":true,"href":"https:\/\/ledshoponline.be\/de\/wp-json\/wp\/v2\/media\/17913"}],"wp:attachment":[{"href":"https:\/\/ledshoponline.be\/de\/wp-json\/wp\/v2\/media?parent=17912"}],"wp:term":[{"taxonomy":"product_brand","embeddable":true,"href":"https:\/\/ledshoponline.be\/de\/wp-json\/wp\/v2\/product_brand?post=17912"},{"taxonomy":"product_cat","embeddable":true,"href":"https:\/\/ledshoponline.be\/de\/wp-json\/wp\/v2\/product_cat?post=17912"},{"taxonomy":"product_tag","embeddable":true,"href":"https:\/\/ledshoponline.be\/de\/wp-json\/wp\/v2\/product_tag?post=17912"}],"curies":[{"name":"wp","href":"https:\/\/api.w.org\/{rel}","templated":true}]}}