{"id":17716,"date":"2014-04-15T19:39:30","date_gmt":"2014-04-15T19:39:30","guid":{"rendered":"https:\/\/hlncaxea.a2hosted.com\/?post_type=product&#038;p=17716"},"modified":"2025-03-15T15:00:10","modified_gmt":"2025-03-15T15:00:10","slug":"led-streifen-230v-10m-kaltweis-ip68-2","status":"publish","type":"product","link":"https:\/\/ledshoponline.be\/de\/shop\/producten\/led-strips\/led-strips-230v\/led-strip-230v-10m-koud-wit-ip68\/","title":{"rendered":"LED-Leiste 230V 10m kalt-wei\u00df 5050 IP68"},"content":{"rendered":"<h2 data-start=\"0\" data-end=\"64\"><strong data-start=\"0\" data-end=\"62\">LED-Streifen 230V 10m - Kaltwei\u00df IP68 - Langlebig und wasserdicht<\/strong><\/h2>\n<p data-start=\"66\" data-end=\"412\">Verwandeln Sie Ihren Raum mit diesem <strong data-start=\"98\" data-end=\"130\">leistungsstarke 230V-LED-Leiste<\/strong>. Mit einer L\u00e4nge von <strong data-start=\"151\" data-end=\"163\">10 Meter<\/strong> und eine <strong data-start=\"171\" data-end=\"196\">helles kaltes wei\u00dfes Licht<\/strong>Dieser Streifen ist sowohl f\u00fcr Innen- als auch f\u00fcr Au\u00dfenanwendungen geeignet. Dank der <strong data-start=\"274\" data-end=\"296\">IP68-Zertifizierung<\/strong> ist der Streifen <strong data-start=\"309\" data-end=\"323\">wasserdicht<\/strong> und <strong data-start=\"327\" data-end=\"340\">staubdicht<\/strong>Dadurch ist es ideal f\u00fcr den Einsatz in feuchten Umgebungen oder im Freien.<\/p>\n<h3 data-start=\"414\" data-end=\"452\">\u2728 <strong data-start=\"420\" data-end=\"450\">Merkmale des LED-Streifens<\/strong><\/h3>\n<p data-start=\"453\" data-end=\"801\">\u2714 <strong data-start=\"455\" data-end=\"478\">L\u00e4nge von 10 Metern<\/strong> - perfekt f\u00fcr gro\u00dfe Fl\u00e4chen<br data-start=\"512\" data-end=\"515\" \/>\u2714 <strong data-start=\"517\" data-end=\"543\">Kaltwei\u00dfes Licht (6000K)<\/strong> - hell, energiegeladen und ideal f\u00fcr Arbeitsr\u00e4ume<br data-start=\"589\" data-end=\"592\" \/>\u2714 <strong data-start=\"594\" data-end=\"613\">IP68 Wasserdicht<\/strong> - resistent gegen Regen, Feuchtigkeit und Staub<br data-start=\"650\" data-end=\"653\" \/>\u2714 <strong data-start=\"655\" data-end=\"672\">Energieeffizient<\/strong> - geringer Verbrauch bei hoher Lichtleistung<br data-start=\"712\" data-end=\"715\" \/>\u2714 <strong data-start=\"717\" data-end=\"729\">Flexibel<\/strong> - einfach zu platzieren und zu installieren, kann auf die richtige Gr\u00f6\u00dfe zugeschnitten werden<\/p>\n<h3 data-start=\"803\" data-end=\"836\">\ud83c\udf27\ufe0f <strong data-start=\"811\" data-end=\"834\">Robust und langlebig<\/strong><\/h3>\n<p data-start=\"837\" data-end=\"1023\">\u2714 Geeignet f\u00fcr den Einsatz in <strong data-start=\"864\" data-end=\"896\">G\u00e4rten, Terrassen, Schwimmb\u00e4der<\/strong> und <strong data-start=\"900\" data-end=\"911\">Balkone<\/strong><br data-start=\"911\" data-end=\"914\" \/>\u2714 <strong data-start=\"916\" data-end=\"944\">Ausgezeichnete W\u00e4rmeableitung<\/strong> f\u00fcr eine l\u00e4ngere Lebensdauer<br data-start=\"968\" data-end=\"971\" \/>\u2714 <strong data-start=\"973\" data-end=\"1001\" data-is-only-node=\"\">Einfach zu verbinden<\/strong> am 230V-Netz<\/p>\n<p data-start=\"1025\" data-end=\"1118\" data-is-last-node=\"\" data-is-only-node=\"\">\ud83d\udca1 <strong data-start=\"1028\" data-end=\"1118\" data-is-last-node=\"\">Geben Sie Ihrem Projekt die perfekte Beleuchtung mit diesem vielseitigen und wasserdichten LED-Streifen!<\/strong><\/p>\n<p><strong>Anmerkung:<\/strong><\/p>\n<p>Led-Streifen nicht f\u00fcr den Einsatz in Pools und Teichen geeignet.<\/p>","protected":false},"excerpt":{"rendered":"<div>\n<p>\u2705 Einfache Installation (Plug and Play)<br \/>\n\u2705 Au\u00dfeneinsatz IP65<br \/>\n\u2705 Flexibel (kann jeden Meter geschnitten werden)<br \/>\n\u2705 Helles Licht (5050 SMD-LEDs)<\/p>\n<\/div>\n<p><strong>Produktdatenblatt<\/strong><br \/>\n<strong><a href=\"https:\/\/eprel.ec.europa.eu\/fiches\/lightsources\/Fiche_1474972_NL.pdf\">DE<\/a>\u00a0|\u00a0<a href=\"https:\/\/eprel.ec.europa.eu\/fiches\/lightsources\/Fiche_1474972_FR.pdf\">FR\u00a0<\/a>|\u00a0<a href=\"https:\/\/eprel.ec.europa.eu\/fiches\/lightsources\/Fiche_1474972_EN.pdf\">UND\u00a0<\/a>|\u00a0<a href=\"https:\/\/eprel.ec.europa.eu\/fiches\/lightsources\/Fiche_1474972_DE.pdf\">DIE<\/a><\/strong><\/p>","protected":false},"featured_media":17717,"comment_status":"closed","ping_status":"closed","template":"","meta":{"_seopress_robots_primary_cat":"none","_seopress_titles_title":"LED Strip 230V 10m | Koud Wit | IP68 Waterdicht & Duurzaam","_seopress_titles_desc":"Verlicht elke ruimte met de LED strip 230V, 10m koud wit, IP68 waterdicht. Ideaal voor buitengebruik, energiezuinig en langdurig!","_seopress_robots_index":""},"product_brand":[],"product_cat":[229,19],"product_tag":[230],"class_list":{"0":"post-17716","1":"product","2":"type-product","3":"status-publish","4":"has-post-thumbnail","6":"product_cat-led-strips-230v","7":"product_cat-producten","8":"product_tag-230v-ledstrip","10":"first","11":"instock","12":"sale","13":"taxable","14":"shipping-taxable","15":"purchasable","16":"product-type-simple"},"_links":{"self":[{"href":"https:\/\/ledshoponline.be\/de\/wp-json\/wp\/v2\/product\/17716","targetHints":{"allow":["GET"]}}],"collection":[{"href":"https:\/\/ledshoponline.be\/de\/wp-json\/wp\/v2\/product"}],"about":[{"href":"https:\/\/ledshoponline.be\/de\/wp-json\/wp\/v2\/types\/product"}],"replies":[{"embeddable":true,"href":"https:\/\/ledshoponline.be\/de\/wp-json\/wp\/v2\/comments?post=17716"}],"version-history":[{"count":0,"href":"https:\/\/ledshoponline.be\/de\/wp-json\/wp\/v2\/product\/17716\/revisions"}],"wp:featuredmedia":[{"embeddable":true,"href":"https:\/\/ledshoponline.be\/de\/wp-json\/wp\/v2\/media\/17717"}],"wp:attachment":[{"href":"https:\/\/ledshoponline.be\/de\/wp-json\/wp\/v2\/media?parent=17716"}],"wp:term":[{"taxonomy":"product_brand","embeddable":true,"href":"https:\/\/ledshoponline.be\/de\/wp-json\/wp\/v2\/product_brand?post=17716"},{"taxonomy":"product_cat","embeddable":true,"href":"https:\/\/ledshoponline.be\/de\/wp-json\/wp\/v2\/product_cat?post=17716"},{"taxonomy":"product_tag","embeddable":true,"href":"https:\/\/ledshoponline.be\/de\/wp-json\/wp\/v2\/product_tag?post=17716"}],"curies":[{"name":"wp","href":"https:\/\/api.w.org\/{rel}","templated":true}]}}