{"id":17575,"date":"2013-11-28T15:52:07","date_gmt":"2013-11-28T15:52:07","guid":{"rendered":"https:\/\/hlncaxea.a2hosted.com\/?post_type=product&#038;p=17575"},"modified":"2025-03-09T19:40:54","modified_gmt":"2025-03-09T19:40:54","slug":"led-gx53-lampe-230v-5-watt-warmweiss-530lm-2","status":"publish","type":"product","link":"https:\/\/ledshoponline.be\/de\/shop\/producten\/led-lampen\/gx53-led-lamp\/led-gx53-lamp-230v-5-watt-warm-wit-530lm\/","title":{"rendered":"LED GX53 Lampe 230v 5 Watt warm-wei\u00df 470LM"},"content":{"rendered":"<p>Ein LED-Ersatz f\u00fcr Ihre GX53-Energiesparlampe, direkt mit voller Leistung und einem Verbrauch von nur 5 W.<\/p>\n<p>Jetzt mit mattiertem Glas, um das Licht weicher zu verteilen. Die Lichtfarbe ist 827 warm-wei\u00df.<\/p>\n<p>Diese GX53 LED-Lampe funktioniert ohne jegliche \u00c4nderung an Ihrer Leuchte.<br \/>\nEingebautes Glas f\u00fcr optimale K\u00fchlung. Dadurch hat diese GX53 LED-Lampe eine viel l\u00e4ngere Lebensdauer als billigere GX53 LED-Lampen aus Kunststoff.<\/p>\n<p>&nbsp;<\/p>\n<p>&nbsp;<\/p>","protected":false},"excerpt":{"rendered":"<p><strong>Produktdatenblatt<br \/>\n<\/strong><strong><a href=\"https:\/\/eprel.ec.europa.eu\/informationsheet\/Fiche_784174_NL.pdf\">DE<\/a>\u00a0|\u00a0<a href=\"https:\/\/eprel.ec.europa.eu\/informationsheet\/Fiche_784174_FR.pdf\">FR\u00a0<\/a>|\u00a0<a href=\"https:\/\/eprel.ec.europa.eu\/informationsheet\/Fiche_784174_EN.pdf\">UND\u00a0<\/a>|\u00a0<a href=\"https:\/\/eprel.ec.europa.eu\/informationsheet\/Fiche_784174_DE.pdf\">DIE<\/a><\/strong><\/p>","protected":false},"featured_media":17576,"comment_status":"closed","ping_status":"closed","template":"","meta":{"_seopress_robots_primary_cat":"","_seopress_titles_title":"","_seopress_titles_desc":"","_seopress_robots_index":""},"product_brand":[],"product_cat":[203,19],"product_tag":[204,205,206],"class_list":{"0":"post-17575","1":"product","2":"type-product","3":"status-publish","4":"has-post-thumbnail","6":"product_cat-gx53-led-lamp","7":"product_cat-producten","8":"product_tag-gx53","9":"product_tag-led-gx53","10":"product_tag-yarled","12":"first","13":"instock","14":"taxable","15":"shipping-taxable","16":"purchasable","17":"product-type-simple"},"_links":{"self":[{"href":"https:\/\/ledshoponline.be\/de\/wp-json\/wp\/v2\/product\/17575","targetHints":{"allow":["GET"]}}],"collection":[{"href":"https:\/\/ledshoponline.be\/de\/wp-json\/wp\/v2\/product"}],"about":[{"href":"https:\/\/ledshoponline.be\/de\/wp-json\/wp\/v2\/types\/product"}],"replies":[{"embeddable":true,"href":"https:\/\/ledshoponline.be\/de\/wp-json\/wp\/v2\/comments?post=17575"}],"version-history":[{"count":0,"href":"https:\/\/ledshoponline.be\/de\/wp-json\/wp\/v2\/product\/17575\/revisions"}],"wp:featuredmedia":[{"embeddable":true,"href":"https:\/\/ledshoponline.be\/de\/wp-json\/wp\/v2\/media\/17576"}],"wp:attachment":[{"href":"https:\/\/ledshoponline.be\/de\/wp-json\/wp\/v2\/media?parent=17575"}],"wp:term":[{"taxonomy":"product_brand","embeddable":true,"href":"https:\/\/ledshoponline.be\/de\/wp-json\/wp\/v2\/product_brand?post=17575"},{"taxonomy":"product_cat","embeddable":true,"href":"https:\/\/ledshoponline.be\/de\/wp-json\/wp\/v2\/product_cat?post=17575"},{"taxonomy":"product_tag","embeddable":true,"href":"https:\/\/ledshoponline.be\/de\/wp-json\/wp\/v2\/product_tag?post=17575"}],"curies":[{"name":"wp","href":"https:\/\/api.w.org\/{rel}","templated":true}]}}