{"id":17381,"date":"2013-09-23T12:16:21","date_gmt":"2013-09-23T12:16:21","guid":{"rendered":"https:\/\/hlncaxea.a2hosted.com\/?post_type=product&#038;p=17381"},"modified":"2025-03-09T19:40:37","modified_gmt":"2025-03-09T19:40:37","slug":"professioneller-batterieladegerat-analysator-fur-aa-und-aaa-batterien","status":"publish","type":"product","link":"https:\/\/ledshoponline.be\/de\/shop\/producten\/toebehoren\/batterijladers\/professionele-batterijlader-analyzer-voor-aa-en-aaa-batterijen\/","title":{"rendered":"Professionelles Batterieladeger\u00e4t\/Analyseger\u00e4t f\u00fcr AA- und AAA-Batterien"},"content":{"rendered":"<p>Das Maha Powerex MH-C9000 ist ein sehr umfassendes Batterieladeger\u00e4t\/Analyseger\u00e4t f\u00fcr 4 NiMh\/NiCd AA\/AAA-Batterien mit einem gro\u00dfen hintergrundbeleuchteten LCD-Display.<\/p>\n<p><strong>F\u00fcr jeden Ladeschacht stehen f\u00fcnf Optionen zur Verf\u00fcgung:<\/strong><br \/>\n1. Aufladen<br \/>\n2. auffrischen\/analysieren<br \/>\n3. Analyse der Einlaufzeit \/ IEC-Kapazit\u00e4t<br \/>\n4. Entladen<br \/>\n5. Mehrfache Ladung\/Entladung<\/p>\n<p>1. Aufladen<br \/>\nDer Ladestrom ist von 0,2 bis 2,0 A in Schritten von 0,1 A einstellbar. Der Fortschritt (Spannung, erreichte Kapazit\u00e4t, Ladestrom) wird f\u00fcr alle Modi angezeigt.<\/p>\n<p>2. Auffrischung\/Analyse<br \/>\nL\u00e4dt, entl\u00e4dt und l\u00e4dt die Batterie gem\u00e4\u00df den selbst festgelegten Stromst\u00e4rken. Empfohlen f\u00fcr Batterien, die mehrere Wochen lang nicht benutzt wurden.<\/p>\n<p>3. Break-in\/IEC-Kapazit\u00e4tsanalyse<br \/>\nSehr praktische Methode zur genauen Bestimmung der tats\u00e4chlichen Kapazit\u00e4t einer Batterie. Es kann auch verwendet werden, um lange nicht genutzte Batterien wieder in einen guten Zustand zu bringen. Die vom Hersteller angegebene Kapazit\u00e4t muss eingestellt werden, danach bestimmt das Ger\u00e4t selbst die Lade- und Entladestr\u00f6me. Dies ist auch der Modus, in dem Batterien das allererste Mal mit dem Ger\u00e4t geladen werden sollten.<\/p>\n<p>4. Entladen<br \/>\nEntl\u00e4dt die Batterie mit einem eingestellten Ladestrom. N\u00fctzlich zur schnellen Bestimmung der (Rest-)Kapazit\u00e4t.<\/p>\n<p>5. Mehrfache Ladung\/Entladung<br \/>\nDieser Modus ist derselbe wie der zweite, mit dem Unterschied, dass der Prozess mehrmals hintereinander ausgef\u00fchrt werden kann. Dies ist konfigurierbar.<\/p>\n<p>Der MH-C9000 wird mit einem geschalteten 12V-Adapter geliefert, der sowohl mit 110V als auch mit 230V funktioniert.<\/p>\n<p><strong>Mit 3 Jahren Garantie!<\/strong><\/p>\n<p><strong>Batterien nicht enthalten.<\/strong><\/p>","protected":false},"excerpt":{"rendered":"<ul>\n<li>4 unabh\u00e4ngige Ladestationen f\u00fcr AA und AAA NiMH\/NiCD.<\/li>\n<li>Gro\u00dfes hintergrundbeleuchtetes LCD-Display zeigt Kapazit\u00e4t, Spannung, Zeit und Stromst\u00e4rke an.<\/li>\n<li>Einstellbare Lade- (0,2A - 2,0A) und Entladegr\u00f6\u00dfe (0,1A - 1,0A)<\/li>\n<li>Auswahl zwischen 5 Programmen je nach Batterieverbrauch<\/li>\n<\/ul>","protected":false},"featured_media":17382,"comment_status":"closed","ping_status":"closed","template":"","meta":{"_seopress_robots_primary_cat":"","_seopress_titles_title":"","_seopress_titles_desc":"","_seopress_robots_index":""},"product_brand":[],"product_cat":[193,19,42],"product_tag":[],"class_list":{"0":"post-17381","1":"product","2":"type-product","3":"status-publish","4":"has-post-thumbnail","6":"product_cat-batterijladers","7":"product_cat-producten","8":"product_cat-toebehoren","10":"first","11":"instock","12":"taxable","13":"shipping-taxable","14":"purchasable","15":"product-type-simple"},"_links":{"self":[{"href":"https:\/\/ledshoponline.be\/de\/wp-json\/wp\/v2\/product\/17381","targetHints":{"allow":["GET"]}}],"collection":[{"href":"https:\/\/ledshoponline.be\/de\/wp-json\/wp\/v2\/product"}],"about":[{"href":"https:\/\/ledshoponline.be\/de\/wp-json\/wp\/v2\/types\/product"}],"replies":[{"embeddable":true,"href":"https:\/\/ledshoponline.be\/de\/wp-json\/wp\/v2\/comments?post=17381"}],"version-history":[{"count":0,"href":"https:\/\/ledshoponline.be\/de\/wp-json\/wp\/v2\/product\/17381\/revisions"}],"wp:featuredmedia":[{"embeddable":true,"href":"https:\/\/ledshoponline.be\/de\/wp-json\/wp\/v2\/media\/17382"}],"wp:attachment":[{"href":"https:\/\/ledshoponline.be\/de\/wp-json\/wp\/v2\/media?parent=17381"}],"wp:term":[{"taxonomy":"product_brand","embeddable":true,"href":"https:\/\/ledshoponline.be\/de\/wp-json\/wp\/v2\/product_brand?post=17381"},{"taxonomy":"product_cat","embeddable":true,"href":"https:\/\/ledshoponline.be\/de\/wp-json\/wp\/v2\/product_cat?post=17381"},{"taxonomy":"product_tag","embeddable":true,"href":"https:\/\/ledshoponline.be\/de\/wp-json\/wp\/v2\/product_tag?post=17381"}],"curies":[{"name":"wp","href":"https:\/\/api.w.org\/{rel}","templated":true}]}}