{"id":17362,"date":"2013-09-23T11:42:45","date_gmt":"2013-09-23T11:42:45","guid":{"rendered":"https:\/\/hlncaxea.a2hosted.com\/?post_type=product&#038;p=17362"},"modified":"2025-06-29T17:46:08","modified_gmt":"2025-06-29T17:46:08","slug":"wiederaufladbare-powerex-aa-batterien-12v-2600mah-nimh-4-einsatzbereit-2","status":"publish","type":"product","link":"https:\/\/ledshoponline.be\/de\/shop\/producten\/toebehoren\/batterijen\/herlaadbare-powerex-aa-batterijen-12v-2600mah-nimh-4-stuks-gebruiksklaar\/","title":{"rendered":"Wiederaufladbare Powerex AA-Batterien - 1.2V 2600mAh - NiMH - 4 St\u00fcck - Sofort einsatzbereit"},"content":{"rendered":"","protected":false},"excerpt":{"rendered":"<ul>\n<li>Hohe Qualit\u00e4t<\/li>\n<li>Spannung: 1,2V<\/li>\n<li>Kapazit\u00e4t: 2600mAh<\/li>\n<li>Abmessungen: 15x50mm<\/li>\n<li>4 Einheiten<\/li>\n<li>Powerex-Batterien behalten ihre Kapazit\u00e4t, wenn sie \u00fcber einen l\u00e4ngeren Zeitraum nicht benutzt werden.<\/li>\n<li>Bis zu 1000 Mal wiederaufladbar<\/li>\n<li>Sofort einsatzbereit<\/li>\n<\/ul>","protected":false},"featured_media":17363,"comment_status":"closed","ping_status":"closed","template":"","meta":{"_seopress_robots_primary_cat":"none","_seopress_titles_title":"","_seopress_titles_desc":"","_seopress_robots_index":""},"product_brand":[],"product_cat":[189,19],"product_tag":[],"class_list":{"0":"post-17362","1":"product","2":"type-product","3":"status-publish","4":"has-post-thumbnail","6":"product_cat-batterijen","7":"product_cat-producten","9":"first","10":"instock","11":"sale","12":"taxable","13":"shipping-taxable","14":"purchasable","15":"product-type-simple"},"_links":{"self":[{"href":"https:\/\/ledshoponline.be\/de\/wp-json\/wp\/v2\/product\/17362","targetHints":{"allow":["GET"]}}],"collection":[{"href":"https:\/\/ledshoponline.be\/de\/wp-json\/wp\/v2\/product"}],"about":[{"href":"https:\/\/ledshoponline.be\/de\/wp-json\/wp\/v2\/types\/product"}],"replies":[{"embeddable":true,"href":"https:\/\/ledshoponline.be\/de\/wp-json\/wp\/v2\/comments?post=17362"}],"version-history":[{"count":1,"href":"https:\/\/ledshoponline.be\/de\/wp-json\/wp\/v2\/product\/17362\/revisions"}],"predecessor-version":[{"id":597264,"href":"https:\/\/ledshoponline.be\/de\/wp-json\/wp\/v2\/product\/17362\/revisions\/597264"}],"wp:featuredmedia":[{"embeddable":true,"href":"https:\/\/ledshoponline.be\/de\/wp-json\/wp\/v2\/media\/17363"}],"wp:attachment":[{"href":"https:\/\/ledshoponline.be\/de\/wp-json\/wp\/v2\/media?parent=17362"}],"wp:term":[{"taxonomy":"product_brand","embeddable":true,"href":"https:\/\/ledshoponline.be\/de\/wp-json\/wp\/v2\/product_brand?post=17362"},{"taxonomy":"product_cat","embeddable":true,"href":"https:\/\/ledshoponline.be\/de\/wp-json\/wp\/v2\/product_cat?post=17362"},{"taxonomy":"product_tag","embeddable":true,"href":"https:\/\/ledshoponline.be\/de\/wp-json\/wp\/v2\/product_tag?post=17362"}],"curies":[{"name":"wp","href":"https:\/\/api.w.org\/{rel}","templated":true}]}}