{"id":528967,"date":"2025-03-10T20:06:37","date_gmt":"2025-03-10T20:06:37","guid":{"rendered":"https:\/\/hlncaxea.a2hosted.com\/?page_id=528967"},"modified":"2026-04-29T11:06:47","modified_gmt":"2026-04-29T11:06:47","slug":"bedingungen-und-konditionen","status":"publish","type":"page","link":"https:\/\/ledshoponline.be\/de\/algemene-voorwaarden\/","title":{"rendered":"Allgemeine Bedingungen und Konditionen"},"content":{"rendered":"<h1 class=\"wp-block-heading\">Unsere Verkaufsbedingungen<\/h1>\n\n\n\n<h1 class=\"wp-block-heading\">1. Fotos, Bilder<\/h1>\n\n\n\n<p>Die auf der Website verwendeten Fotos und Abbildungen k\u00f6nnen vom Original abweichen. Die Bilder und Fotos sind daher nicht verbindlich.<\/p>\n\n\n\n<h1 class=\"wp-block-heading\">2. Preise<\/h1>\n\n\n\n<p>Die Preise auf der Website sind Richtpreise. Die Preise sind vorbehaltlich der Reservierung, der Ersch\u00f6pfung der Lagerbest\u00e4nde und m\u00f6glicher Druckfehler. Die Preise verstehen sich inklusive Mehrwertsteuer und exklusive Recupel, Bebat oder anderer Steuern. Die Standard-Recupel-Preise werden wie vorgeschrieben verwendet auf&nbsp;<a href=\"http:\/\/www.recupel.be\/\">http:\/\/www.recupel.be<\/a><\/p>\n\n\n\n<h1 class=\"wp-block-heading\">3. Bestellung, Bezahlung<\/h1>\n\n\n\n<p>Nach Eingang Ihrer Bestellung stellen wir Ihnen ein endg\u00fcltiges Bestellformular aus. Die Zahlung muss bei Annahme dieses Bestellformulars erfolgen. Wir nehmen eine Bestellung erst an, wenn der gesamte Betrag eingegangen ist. Wir akzeptieren keine Schecks. Das bedeutet, dass wir eine Bestellung erst dann annehmen, wenn der Gesamtbetrag der Bestellung auf unserem Konto eingegangen ist.<\/p>\n\n\n\n<h1 class=\"wp-block-heading\">4. Lieferung, Lieferkosten<\/h1>\n\n\n\n<p>Wir liefern die Ware per Kurier an Sie aus. Hierf\u00fcr wird eine Pauschale von 7,95 \u20ac f\u00fcr Belgien berechnet.<br>Nederland als andere geselecteerde landen 8.95, boven \u20ac99 is de verzending gratis. Kosten voor spoedbestellingen zijn altijd ten laste van de klant.<br>Alle zendingen reizen op risico van de bestemmeling. Inrichting en aanpassing van de plaats(en) waar de\u00a0apparatuur wordt opgesteld zijn ten laste van de klant, die aansprakelijk is voor alle schade aan de apparatuur\u00a0,\u00a0evenals voor bijkomende kosten opgelopen door ledshoponline.be, als gevolg van niet tijdige,\u00a0onjuiste of gebrekkige uitvoering ervan. ledshoponline.be is niet aansprakelijk, indien en voor zover haar\u00a0verbintenissen niet kunnen worden nagekomen ten gevolge van overmacht. Onder overmacht wordt verstaan\u00a0elke vreemde oorzaak, alsmede elke omstandigheid, welke in redelijkheid niet voor haar risico behoort tekomen. Vertraging bij of wanprestatie door onze toeleveranciers, vervoersmoeilijkheden, werkstakingen,\u00a0overheidsmaatregelen, vertragingen in de aanvoer, nalatigheden van leveranciers en\/of fabrikanten van ledshoponline.be. Alsmede van hulppersonen, ziekte van personeel, gebreken in hulp- of transportmiddelen\u00a0gelden uitdrukkelijk als overmacht. Uw bestelling zullen we met de nodige zorg uitvoeren. Indien de levering\u00a0vertraging oploopt of niet uitvoerbaar blijkt, dan zullen wij u eveneens inlichten.<\/p>\n\n\n\n<h1 class=\"wp-block-heading\">5. Widerruf, R\u00fcckgabe von Waren, R\u00fcckgriffsrecht bei unserer 30-t\u00e4gigen Bedenkzeit<\/h1>\n\n\n\n<p>Im Falle einer Stornierung aus unbestimmten Gr\u00fcnden, senden Sie uns bitte eine E-Mail.<\/p>\n\n\n\n<p>Es kann nat\u00fcrlich immer vorkommen, dass Sie mit einem oder mehreren Produkten, die Sie erhalten haben, nicht zufrieden sind. In diesem Fall kann das Produkt immer in seinem urspr\u00fcnglichen Zustand und in der Originalverpackung zur\u00fcckgegeben werden.<\/p>\n\n\n\n<p>Ledshoponline.be hat eine Bedenkzeit von 30 Tagen. F\u00fcr Profikunden mit einer Mehrwertsteuernummer gelten 14 Tage. Innerhalb dieser Frist k\u00f6nnen Sie das bestellte Produkt wie in einem Gesch\u00e4ft besichtigen. Wenn das Produkt nicht mehr vollst\u00e4ndig ist oder sichtlich gebraucht aussieht, k\u00f6nnen wir es leider nicht zur\u00fccknehmen. Im Zweifelsfall raten wir Ihnen immer, sich mit uns in Verbindung zu setzen, damit Sie nicht im Nachhinein mit \u00dcberraschungen konfrontiert werden. Auch im Falle eines R\u00fccktausches nehmen wir keine Produkte zur\u00fcck.<\/p>\n\n\n\n<p>R\u00fcckgabe eines Produkts, das mit&nbsp;<strong>ecocheques<\/strong>? Wenn ja, erhalten Sie nicht Ihr Geld zur\u00fcck, sondern eine Gutschrift. Dieses Guthaben k\u00f6nnen Sie f\u00fcr den Kauf eines anderen Produkts in unserem Webshop verwenden. Nur unser Kundenservice kann das Guthaben einl\u00f6sen. Bitte kontaktieren Sie uns, wenn Sie etwas bestellen m\u00f6chten, um die Gutschrift einzul\u00f6sen.<\/p>\n\n\n\n<h1 class=\"wp-block-heading\">6. Garantie<\/h1>\n\n\n\n<p>Jedes Produkt aus unserem Sortiment wird standardm\u00e4\u00dfig mit einer 2-j\u00e4hrigen Garantie geliefert.<br>Einige Produkte haben eine l\u00e4ngere Garantiezeit.<br>Die Garantiezeit finden Sie in der Produktbeschreibung auf unserer Website.<\/p>\n\n\n\n<p>Wenn Probleme ganz oder teilweise auf eine unsachgem\u00e4\u00dfe, unvorsichtige Verwendung und\/oder Installation zur\u00fcckzuf\u00fchren sind oder wenn das Problem durch \u00e4u\u00dfere Ursachen verursacht wurde, entf\u00e4llt die Garantie.<br>Achten Sie auf geschlossene Leuchten, da dies die Lebensdauer einer LED-Lampe drastisch verk\u00fcrzen kann.<\/p>\n\n\n\n<h2 class=\"wp-block-heading\">Sie k\u00f6nnen keine Garantie beanspruchen, wenn:<\/h2>\n\n\n\n<p>- M\u00e4ngel oder Verschlei\u00df aufgrund nachl\u00e4ssiger Wartung,<br>- Wenn von Dritten \u00c4nderungen an oder auf dem Artikel vorgenommen wurden,<br>- wenn das Datum auf der Rechnung ge\u00e4ndert oder unleserlich gemacht wurde,<br>- aufgrund von M\u00e4ngeln, die durch nicht bestimmungsgem\u00e4\u00dfen oder unsachgem\u00e4\u00dfen Gebrauch verursacht wurden, z. B. durch Nichtbeachtung der beiliegenden Gebrauchsanweisung,<br>- Sch\u00e4den, die durch Vorsatz oder grobe Fahrl\u00e4ssigkeit verursacht wurden,<br>- f\u00fcr den Fall \u00e4u\u00dferer Katastrophen wie Blitzeinschlag und dergleichen,<br>- \u00dcberhitzung durch Zentral- oder andere Heizungen oder durch Verwendung einer h\u00f6heren Wattzahl als vorgeschrieben,<br>- Einwirkung von Feuchtigkeit, extremer Hitze, Sonnenlicht oder extremer K\u00e4lte,<br>- Garantie auf Netzteile gilt nur, wenn sie f\u00fcr LED-Produkte von Yarled - LEDshoponline gekauft,<br>- Von Dritten verursachte Kosten f\u00fcr die Reparatur einer mangelhaften Sache werden nicht erstattet.<\/p>\n\n\n\n<h1 class=\"wp-block-heading\">7. R\u00fcckgabe<\/h1>\n\n\n\n<p>R\u00fcckgabeverfahren: Die Rechnungsnummer muss deutlich auf dem R\u00fcckgabepaket vermerkt sein. R\u00fccksendungen ohne Rechnungsnummer und eine Kopie der Originalrechnung werden nicht angenommen. Die Waren m\u00fcssen innerhalb von 30 Tagen nach Lieferung in der unge\u00f6ffneten Originalverpackung mit allen Kabeln, Netzteilen und Zubeh\u00f6rteilen zur\u00fcckgeschickt werden. Unvollst\u00e4ndige Produkte werden nicht angenommen. Alle Versand- und Bearbeitungsgeb\u00fchren m\u00fcssen vom Kunden im Voraus bezahlt werden. Wir akzeptieren keine Nachnahme<\/p>\n\n\n\n<p><strong>Bitte senden Sie Ihr Paket an:<\/strong><br><strong>Ledshoponline - Tom Noreilde<\/strong><br><strong>16 Musse Street<\/strong><br><strong>8553 Otegem<\/strong><br><strong>Belgien<\/strong><\/p>","protected":false},"excerpt":{"rendered":"<p>Onze verkoopsvoorwaarden 1. Foto\u2019s, afbeeldingen De foto\u2019s en afbeeldingen gebruikt op de website kunnen afwijken van het originele. De afbeeldingen<\/p>","protected":false},"author":1,"featured_media":0,"parent":0,"menu_order":0,"comment_status":"closed","ping_status":"closed","template":"","meta":{"_seopress_robots_primary_cat":"","_seopress_titles_title":"","_seopress_titles_desc":"","_seopress_robots_index":"","footnotes":""},"class_list":["post-528967","page","type-page","status-publish","hentry"],"_links":{"self":[{"href":"https:\/\/ledshoponline.be\/de\/wp-json\/wp\/v2\/pages\/528967","targetHints":{"allow":["GET"]}}],"collection":[{"href":"https:\/\/ledshoponline.be\/de\/wp-json\/wp\/v2\/pages"}],"about":[{"href":"https:\/\/ledshoponline.be\/de\/wp-json\/wp\/v2\/types\/page"}],"author":[{"embeddable":true,"href":"https:\/\/ledshoponline.be\/de\/wp-json\/wp\/v2\/users\/1"}],"replies":[{"embeddable":true,"href":"https:\/\/ledshoponline.be\/de\/wp-json\/wp\/v2\/comments?post=528967"}],"version-history":[{"count":1,"href":"https:\/\/ledshoponline.be\/de\/wp-json\/wp\/v2\/pages\/528967\/revisions"}],"predecessor-version":[{"id":756248,"href":"https:\/\/ledshoponline.be\/de\/wp-json\/wp\/v2\/pages\/528967\/revisions\/756248"}],"wp:attachment":[{"href":"https:\/\/ledshoponline.be\/de\/wp-json\/wp\/v2\/media?parent=528967"}],"curies":[{"name":"wp","href":"https:\/\/api.w.org\/{rel}","templated":true}]}}