{"id":528961,"date":"2025-03-10T20:04:55","date_gmt":"2025-03-10T20:04:55","guid":{"rendered":"https:\/\/hlncaxea.a2hosted.com\/?page_id=528961"},"modified":"2025-03-10T20:05:00","modified_gmt":"2025-03-10T20:05:00","slug":"cookie-erklarung","status":"publish","type":"page","link":"https:\/\/ledshoponline.be\/de\/cookies-statement\/","title":{"rendered":"Erkl\u00e4rung zu Cookies"},"content":{"rendered":"<h1 class=\"wp-block-heading\">Cookie-Erkl\u00e4rung<\/h1>\n\n\n\n<p>LEDshoponline - Seoboost BV verwendet Cookies auf unseren Websites. Wir tun dies, um unsere Websites zu analysieren und sie optimal funktionieren zu lassen, um unsere Dienstleistungen zu verbessern, f\u00fcr soziale Medien und um relevante Werbung auf anderen Websites anzuzeigen.<\/p>\n\n\n\n<h3 class=\"wp-block-heading\">Was sind Cookies?<\/h3>\n\n\n\n<p>Cookies sind kleine Textdateien, die von einer Internetseite vor\u00fcbergehend auf Ihrem PC, Tablet oder Mobiltelefon abgelegt werden.<\/p>\n\n\n\n<p>Die folgenden Websites setzen Cookies oder \u00e4hnliche Techniken ein:<br><a href=\"https:\/\/ledshoponline.be\/de\/\">https:\/\/ledshoponline.be\/<\/a><\/p>\n\n\n\n<p>Nachstehend k\u00f6nnen Sie nachlesen, welche Cookies wir verwenden und welche Funktionen sie haben.<\/p>\n\n\n\n<h3 class=\"wp-block-heading\">Funktionale Cookies<\/h3>\n\n\n\n<p>Dank dieser Cookies m\u00fcssen Sie nicht jedes Mal die gleichen Informationen eingeben oder herunterladen, wenn Sie zu uns zur\u00fcckkehren. Denken Sie an das Speichern von Produkten in Ihrem Einkaufswagen oder an die Erinnerung an ein Login. Auch die Chat-Funktion mit unserem Service Desk wird durch Cookies erm\u00f6glicht.<\/p>\n\n\n\n<p><a href=\"https:\/\/www.tawk.to\/privacy-policy\/\">Tawk Chat (nach der Sitzung gel\u00f6scht)<\/a><\/p>\n\n\n\n<h3 class=\"wp-block-heading\">Analytische Cookies<\/h3>\n\n\n\n<p>LEDshoponline verwendet Google Analytics, um die Nutzung seiner Websites zu untersuchen, um einen Einblick zu erhalten, wie und wie oft Websites und Seiten besucht werden. Anhand dieser Informationen kann LEDshoponline Anpassungen und Verbesserungen vornehmen und sicherstellen, dass die Websites weiterhin optimal funktionieren. LEDshoponline verarbeitet anonyme Statistiken \u00fcber die Besuche auf den Websites.<\/p>\n\n\n\n<p><a href=\"https:\/\/policies.google.com\/privacy?hl=nl\" target=\"_blank\" rel=\"noreferrer noopener\">Google Analytics (30 Tage)<\/a><\/p>\n\n\n\n<h3 class=\"wp-block-heading\">Marketing-Cookies<\/h3>\n\n\n\n<p>LEDshoponline verwendet Cookies von Google und Facebook f\u00fcr Marketingzwecke. Diese Cookies erm\u00f6glichen es uns, unsere Werbung auf Partnerseiten und in sozialen Medien anzuzeigen. Besucher, die zuvor Interesse an unseren Produkten oder Dienstleistungen gezeigt haben, sehen m\u00f6glicherweise Angebote von LEDshoponline auf anderen Websites.<\/p>\n\n\n\n<p><a href=\"https:\/\/policies.google.com\/privacy?hl=nl\" target=\"_blank\" rel=\"noreferrer noopener\">Google Doubleclick (18 Monate)<\/a><\/p>\n\n\n\n<p><a href=\"https:\/\/www.facebook.com\/policies\/cookies\/\" target=\"_blank\" rel=\"noreferrer noopener\">Facebook (maximal 2 Jahre)<\/a><\/p>\n\n\n\n<h3 class=\"wp-block-heading\">W\u00fcrden Sie lieber keine Kekse essen?<\/h3>\n\n\n\n<p>Cookies lassen sich leicht \u00fcber Ihren Browser l\u00f6schen. Bitte beachten Sie, dass Websites ohne Cookies m\u00f6glicherweise nicht optimal funktionieren. Nachstehend finden Sie eine Liste der am h\u00e4ufigsten verwendeten Browser und einen Link zu weiteren Erl\u00e4uterungen zum L\u00f6schen von Cookies:<\/p>\n\n\n\n<ul class=\"wp-block-list\">\n<li><a href=\"https:\/\/support.google.com\/chrome\/answer\/95647?hl=nl\" target=\"_blank\" rel=\"noreferrer noopener\">Google Chrome<\/a><\/li>\n\n\n\n<li><a href=\"https:\/\/support.mozilla.org\/nl\/kb\/cookies-informatie-websites-computer-opgeslagen?redirectlocale=nlu0026amp;redirectslug=cookies-informatie-websites-op-uw-computer-opslaan\" target=\"_blank\" rel=\"noreferrer noopener\">Mozilla Firefox<\/a><\/li>\n\n\n\n<li><a href=\"https:\/\/support.microsoft.com\/nl-nl\/help\/17442\/windows-internet-explorer-delete-manage-cookies\" target=\"_blank\" rel=\"noreferrer noopener\">Internet Explorer 7 und 8<\/a><\/li>\n\n\n\n<li><a href=\"https:\/\/support.microsoft.com\/nl-nl\/products\/windows?os=windows-10\" target=\"_blank\" rel=\"noreferrer noopener\">Internet Explorer 9<\/a><\/li>\n\n\n\n<li><a href=\"https:\/\/www.apple.com\/legal\/privacy\/nl\/cookies\/\" target=\"_blank\" rel=\"noreferrer noopener\">Safari<\/a><\/li>\n<\/ul>\n\n\n\n<p>Otegem, April 2024<br>SEOboost BV Cookie-Erkl\u00e4rung<\/p>\n\n\n\n<p>LEDshoponline - Seoboost BV verwendet Cookies auf unseren Websites. Wir tun dies, um unsere Websites zu analysieren und sie optimal funktionieren zu lassen, um unsere Dienstleistungen zu verbessern, f\u00fcr soziale Medien und um relevante Werbung auf anderen Websites anzuzeigen.<\/p>\n\n\n\n<h3 class=\"wp-block-heading\">Was sind Cookies?<\/h3>\n\n\n\n<p>Cookies sind kleine Textdateien, die von einer Internetseite vor\u00fcbergehend auf Ihrem PC, Tablet oder Mobiltelefon abgelegt werden.<\/p>\n\n\n\n<p>Die folgenden Websites setzen Cookies oder \u00e4hnliche Techniken ein:<br><a href=\"https:\/\/ledshoponline.be\/de\/\">https:\/\/ledshoponline.be\/<\/a><\/p>\n\n\n\n<p>Nachstehend k\u00f6nnen Sie nachlesen, welche Cookies wir verwenden und welche Funktionen sie haben.<\/p>\n\n\n\n<h3 class=\"wp-block-heading\">Funktionale Cookies<\/h3>\n\n\n\n<p>Dank dieser Cookies m\u00fcssen Sie nicht jedes Mal die gleichen Informationen eingeben oder herunterladen, wenn Sie zu uns zur\u00fcckkehren. Denken Sie an das Speichern von Produkten in Ihrem Einkaufswagen oder an die Erinnerung an ein Login. Auch die Chat-Funktion mit unserem Service Desk wird durch Cookies erm\u00f6glicht.<\/p>\n\n\n\n<p><a href=\"https:\/\/www.tawk.to\/privacy-policy\/\">Tawk Chat (nach der Sitzung gel\u00f6scht)<\/a><\/p>\n\n\n\n<h3 class=\"wp-block-heading\">Analytische Cookies<\/h3>\n\n\n\n<p>LEDshoponline verwendet Google Analytics, um die Nutzung seiner Websites zu untersuchen, um einen Einblick zu erhalten, wie und wie oft Websites und Seiten besucht werden. Anhand dieser Informationen kann LEDshoponline Anpassungen und Verbesserungen vornehmen und sicherstellen, dass die Websites weiterhin optimal funktionieren. LEDshoponline verarbeitet anonyme Statistiken \u00fcber die Besuche auf den Websites.<\/p>\n\n\n\n<p><a href=\"https:\/\/policies.google.com\/privacy?hl=nl\" target=\"_blank\" rel=\"noreferrer noopener\">Google Analytics (30 Tage)<\/a><\/p>\n\n\n\n<h3 class=\"wp-block-heading\">Marketing-Cookies<\/h3>\n\n\n\n<p>LEDshoponline verwendet Cookies von Google und Facebook f\u00fcr Marketingzwecke. Diese Cookies erm\u00f6glichen es uns, unsere Werbung auf Partnerseiten und in sozialen Medien anzuzeigen. Besucher, die zuvor Interesse an unseren Produkten oder Dienstleistungen gezeigt haben, sehen m\u00f6glicherweise Angebote von LEDshoponline auf anderen Websites.<\/p>\n\n\n\n<p><a href=\"https:\/\/policies.google.com\/privacy?hl=nl\" target=\"_blank\" rel=\"noreferrer noopener\">Google Doubleclick (18 Monate)<\/a><\/p>\n\n\n\n<p><a href=\"https:\/\/www.facebook.com\/policies\/cookies\/\" target=\"_blank\" rel=\"noreferrer noopener\">Facebook (maximal 2 Jahre)<\/a><\/p>\n\n\n\n<h3 class=\"wp-block-heading\">W\u00fcrden Sie lieber keine Kekse essen?<\/h3>\n\n\n\n<p>Cookies lassen sich leicht \u00fcber Ihren Browser l\u00f6schen. Bitte beachten Sie, dass Websites ohne Cookies m\u00f6glicherweise nicht optimal funktionieren. Nachstehend finden Sie eine Liste der am h\u00e4ufigsten verwendeten Browser und einen Link zu weiteren Erl\u00e4uterungen zum L\u00f6schen von Cookies:<\/p>\n\n\n\n<ul class=\"wp-block-list\">\n<li><a href=\"https:\/\/support.google.com\/chrome\/answer\/95647?hl=nl\" target=\"_blank\" rel=\"noreferrer noopener\">Google Chrome<\/a><\/li>\n\n\n\n<li><a href=\"https:\/\/support.mozilla.org\/nl\/kb\/cookies-informatie-websites-computer-opgeslagen?redirectlocale=nlu0026amp;redirectslug=cookies-informatie-websites-op-uw-computer-opslaan\" target=\"_blank\" rel=\"noreferrer noopener\">Mozilla Firefox<\/a><\/li>\n\n\n\n<li><a href=\"https:\/\/support.microsoft.com\/nl-nl\/help\/17442\/windows-internet-explorer-delete-manage-cookies\" target=\"_blank\" rel=\"noreferrer noopener\">Internet Explorer 7 und 8<\/a><\/li>\n\n\n\n<li><a href=\"https:\/\/support.microsoft.com\/nl-nl\/products\/windows?os=windows-10\" target=\"_blank\" rel=\"noreferrer noopener\">Internet Explorer 9<\/a><\/li>\n\n\n\n<li><a href=\"https:\/\/www.apple.com\/legal\/privacy\/nl\/cookies\/\" target=\"_blank\" rel=\"noreferrer noopener\">Safari<\/a><\/li>\n<\/ul>\n\n\n\n<p>Otegem, April 2024<br>SEOboost BV Cookie-Erkl\u00e4rung<\/p>\n\n\n\n<p>LEDshoponline - BVBA Seoboost verwendet Cookies auf unseren Websites. Wir tun dies, um unsere Websites zu analysieren und sie optimal funktionieren zu lassen, um unsere Dienstleistungen zu verbessern, f\u00fcr soziale Medien und um relevante Werbung auf anderen Websites anzuzeigen.<\/p>\n\n\n\n<h3 class=\"wp-block-heading\">Was sind Cookies?<\/h3>\n\n\n\n<p>Cookies sind kleine Textdateien, die von einer Internetseite vor\u00fcbergehend auf Ihrem PC, Tablet oder Mobiltelefon abgelegt werden.<\/p>\n\n\n\n<p>Die folgenden Websites setzen Cookies oder \u00e4hnliche Techniken ein:<br><a href=\"https:\/\/ledshoponline.be\/de\/\">https:\/\/ledshoponline.be\/<\/a><\/p>\n\n\n\n<p>Nachstehend k\u00f6nnen Sie nachlesen, welche Cookies wir verwenden und welche Funktionen sie haben.<\/p>\n\n\n\n<h3 class=\"wp-block-heading\">Funktionale Cookies<\/h3>\n\n\n\n<p>Dank dieser Cookies m\u00fcssen Sie nicht jedes Mal die gleichen Informationen eingeben oder herunterladen, wenn Sie zu uns zur\u00fcckkehren. Denken Sie an das Speichern von Produkten in Ihrem Einkaufswagen oder an die Erinnerung an ein Login. Auch die Chat-Funktion mit unserem Service Desk wird durch Cookies erm\u00f6glicht.<\/p>\n\n\n\n<p><a href=\"https:\/\/www.tawk.to\/privacy-policy\/\">Tawk Chat (nach der Sitzung gel\u00f6scht)<\/a><\/p>\n\n\n\n<h3 class=\"wp-block-heading\">Analytische Cookies<\/h3>\n\n\n\n<p>LEDshoponline verwendet Google Analytics, um die Nutzung seiner Websites zu untersuchen, um einen Einblick zu erhalten, wie und wie oft Websites und Seiten besucht werden. Anhand dieser Informationen kann LEDshoponline Anpassungen und Verbesserungen vornehmen und sicherstellen, dass die Websites weiterhin optimal funktionieren. LEDshoponline verarbeitet anonyme Statistiken \u00fcber die Besuche auf den Websites.<\/p>\n\n\n\n<p><a href=\"https:\/\/policies.google.com\/privacy?hl=nl\" target=\"_blank\" rel=\"noreferrer noopener\">Google Analytics (30 Tage)<\/a><\/p>\n\n\n\n<h3 class=\"wp-block-heading\">Marketing-Cookies<\/h3>\n\n\n\n<p>LEDshoponline verwendet Cookies von Google und Facebook f\u00fcr Marketingzwecke. Diese Cookies erm\u00f6glichen es uns, unsere Werbung auf Partnerseiten und in sozialen Medien anzuzeigen. Besucher, die zuvor Interesse an unseren Produkten oder Dienstleistungen gezeigt haben, sehen m\u00f6glicherweise Angebote von LEDshoponline auf anderen Websites.<\/p>\n\n\n\n<p><a href=\"https:\/\/policies.google.com\/privacy?hl=nl\" target=\"_blank\" rel=\"noreferrer noopener\">Google Doubleclick (18 Monate)<\/a><\/p>\n\n\n\n<p><a href=\"https:\/\/www.facebook.com\/policies\/cookies\/\" target=\"_blank\" rel=\"noreferrer noopener\">Facebook (maximal 2 Jahre)<\/a><\/p>\n\n\n\n<h3 class=\"wp-block-heading\">W\u00fcrden Sie lieber keine Kekse essen?<\/h3>\n\n\n\n<p>Cookies lassen sich leicht \u00fcber Ihren Browser l\u00f6schen. Bitte beachten Sie, dass Websites ohne Cookies m\u00f6glicherweise nicht optimal funktionieren. Nachstehend finden Sie eine Liste der am h\u00e4ufigsten verwendeten Browser und einen Link zu weiteren Erl\u00e4uterungen zum L\u00f6schen von Cookies:<\/p>\n\n\n\n<ul class=\"wp-block-list\">\n<li><a href=\"https:\/\/support.google.com\/chrome\/answer\/95647?hl=nl\" target=\"_blank\" rel=\"noreferrer noopener\">Google Chrome<\/a><\/li>\n\n\n\n<li><a href=\"https:\/\/support.mozilla.org\/nl\/kb\/cookies-informatie-websites-computer-opgeslagen?redirectlocale=nlu0026amp;redirectslug=cookies-informatie-websites-op-uw-computer-opslaan\" target=\"_blank\" rel=\"noreferrer noopener\">Mozilla Firefox<\/a><\/li>\n\n\n\n<li><a href=\"https:\/\/support.microsoft.com\/nl-nl\/help\/17442\/windows-internet-explorer-delete-manage-cookies\" target=\"_blank\" rel=\"noreferrer noopener\">Internet Explorer 7 und 8<\/a><\/li>\n\n\n\n<li><a href=\"https:\/\/support.microsoft.com\/nl-nl\/products\/windows?os=windows-10\" target=\"_blank\" rel=\"noreferrer noopener\">Internet Explorer 9<\/a><\/li>\n\n\n\n<li><a href=\"https:\/\/www.apple.com\/legal\/privacy\/nl\/cookies\/\" target=\"_blank\" rel=\"noreferrer noopener\">Safari<\/a><\/li>\n<\/ul>\n\n\n\n<p>Otegem, April 2018<br>SEOboost BV<\/p>","protected":false},"excerpt":{"rendered":"<p>Cookie-Erkl\u00e4rung LEDshoponline - Seoboost BV verwendet Cookies auf unseren Websites. Wir tun dies, um unser Angebot zu verbessern<\/p>","protected":false},"author":1,"featured_media":0,"parent":0,"menu_order":0,"comment_status":"closed","ping_status":"closed","template":"","meta":{"_seopress_robots_primary_cat":"","_seopress_titles_title":"","_seopress_titles_desc":"","_seopress_robots_index":"","footnotes":""},"class_list":["post-528961","page","type-page","status-publish","hentry"],"_links":{"self":[{"href":"https:\/\/ledshoponline.be\/de\/wp-json\/wp\/v2\/pages\/528961","targetHints":{"allow":["GET"]}}],"collection":[{"href":"https:\/\/ledshoponline.be\/de\/wp-json\/wp\/v2\/pages"}],"about":[{"href":"https:\/\/ledshoponline.be\/de\/wp-json\/wp\/v2\/types\/page"}],"author":[{"embeddable":true,"href":"https:\/\/ledshoponline.be\/de\/wp-json\/wp\/v2\/users\/1"}],"replies":[{"embeddable":true,"href":"https:\/\/ledshoponline.be\/de\/wp-json\/wp\/v2\/comments?post=528961"}],"version-history":[{"count":0,"href":"https:\/\/ledshoponline.be\/de\/wp-json\/wp\/v2\/pages\/528961\/revisions"}],"wp:attachment":[{"href":"https:\/\/ledshoponline.be\/de\/wp-json\/wp\/v2\/media?parent=528961"}],"curies":[{"name":"wp","href":"https:\/\/api.w.org\/{rel}","templated":true}]}}