{"id":4400,"date":"2021-10-12T15:51:09","date_gmt":"2021-10-12T15:51:09","guid":{"rendered":"http:\/\/dummy.xtemos.com\/woodmart2\/elementor\/?page_id=4400"},"modified":"2025-03-10T20:00:06","modified_gmt":"2025-03-10T20:00:06","slug":"uber-uns-3","status":"publish","type":"page","link":"https:\/\/ledshoponline.be\/de\/about-us-3\/","title":{"rendered":"About us"},"content":{"rendered":"<div data-elementor-type=\"wp-page\" data-elementor-id=\"4400\" class=\"elementor elementor-4400\">\n\t\t\t\t<div class=\"wd-negative-gap elementor-element elementor-element-1c90c3f wd-section-stretch e-flex e-con-boxed e-con e-parent\" data-id=\"1c90c3f\" data-element_type=\"container\" data-e-type=\"container\" data-settings=\"{&quot;background_background&quot;:&quot;classic&quot;}\">\n\t\t\t\t\t<div class=\"e-con-inner\">\n\t\t\t\t<div class=\"elementor-element elementor-element-5d57672 elementor-widget__width-initial elementor-widget-tablet__width-inherit wd-width-100 elementor-widget elementor-widget-wd_title\" data-id=\"5d57672\" data-element_type=\"widget\" data-e-type=\"widget\" data-widget_type=\"wd_title.default\">\n\t\t\t\t<div class=\"elementor-widget-container\">\n\t\t\t\t\t\t\t<div class=\"title-wrapper wd-set-mb reset-last-child wd-title-color-primary wd-title-style-default wd-title-size-large text-left\">\n\n\t\t\t\t\t\t\t\t\t\t\t<div class=\"title-subtitle subtitle-color-primary subtitle-style-default wd-fontsize-xs\">\n\t\t\t\t\tEIN PAAR WORTE \u00dcBER UNS\t\t\t\t<\/div>\n\t\t\t\n\t\t\t<div class=\"liner-continer\">\n\t\t\t\t<h4 class=\"woodmart-title-container title wd-fontsize-xxl\">Die Geschichte von LEDshoponline<\/h4> \n\t\t\t\t\t\t\t<\/div>\n\n\t\t\t\t\t<\/div>\n\t\t\t\t\t\t<\/div>\n\t\t\t\t<\/div>\n\t\t\t\t\t<\/div>\n\t\t\t\t<\/div>\n\t\t<div class=\"wd-negative-gap elementor-element elementor-element-7c7c544 e-flex e-con-boxed e-con e-parent\" data-id=\"7c7c544\" data-element_type=\"container\" data-e-type=\"container\">\n\t\t\t\t\t<div class=\"e-con-inner\">\n\t\t<div class=\"elementor-element elementor-element-e7cb5cd e-con-full e-flex e-con e-child\" data-id=\"e7cb5cd\" data-element_type=\"container\" data-e-type=\"container\">\n\t\t\t\t<div class=\"elementor-element elementor-element-56aec39 elementor-widget elementor-widget-wd_image_or_svg\" data-id=\"56aec39\" data-element_type=\"widget\" data-e-type=\"widget\" data-widget_type=\"wd_image_or_svg.default\">\n\t\t\t\t<div class=\"elementor-widget-container\">\n\t\t\t\t\t\n\t\t<div class=\"wd-image text-left\">\n\t\t\t\t\t\t\t\t<img fetchpriority=\"high\" decoding=\"async\" width=\"580\" height=\"580\" src=\"https:\/\/ledshoponline.be\/wp-content\/uploads\/2021\/10\/about-us-3-image-1.jpg\" class=\"attachment-full size-full\" alt=\"\" srcset=\"https:\/\/ledshoponline.be\/wp-content\/uploads\/2021\/10\/about-us-3-image-1.jpg 580w, https:\/\/ledshoponline.be\/wp-content\/uploads\/2021\/10\/about-us-3-image-1-430x430.jpg 430w, https:\/\/ledshoponline.be\/wp-content\/uploads\/2021\/10\/about-us-3-image-1-150x150.jpg 150w\" sizes=\"(max-width: 580px) 100vw, 580px\" loading=\"eager\" \/>\t\t\t\t\t<\/div>\n\n\t\t\t\t\t\t<\/div>\n\t\t\t\t<\/div>\n\t\t\t\t<\/div>\n\t\t<div class=\"elementor-element elementor-element-97d6084 e-con-full e-flex e-con e-child\" data-id=\"97d6084\" data-element_type=\"container\" data-e-type=\"container\">\n\t\t\t\t<div class=\"elementor-element elementor-element-66e47ad elementor-widget elementor-widget-wd_text_block\" data-id=\"66e47ad\" data-element_type=\"widget\" data-e-type=\"widget\" data-widget_type=\"wd_text_block.default\">\n\t\t\t\t<div class=\"elementor-widget-container\">\n\t\t\t\t\t\t\t<div class=\"wd-text-block reset-last-child text-left\">\n\t\t\t\n\t\t\t<p data-pm-slice=\"1 1 []\">Seit 2009 bringen wir Licht in die LED-Beleuchtung! LEDSHOPONLINE.BE ist ein etablierter Akteur in der Welt der LED-Beleuchtung und geh\u00f6rt seit 2018 zu SEOboost BV. Mit mehr als 15 Jahren Erfahrung haben wir uns auf hochwertige LED-Leuchten und alles dazugeh\u00f6rige Zubeh\u00f6r spezialisiert, sowohl f\u00fcr Privatpersonen als auch f\u00fcr Unternehmen.<\/p><p>Unsere Leidenschaft und unser Fachwissen f\u00fchrten zur Gr\u00fcndung unserer eigenen Marke YARLED, fr\u00fcher bekannt als NORTOMLED. Unsere Produkte werden nach den strengsten EU-Qualit\u00e4tsnormen hergestellt und enthalten die besten Komponenten. So garantieren wir h\u00f6chste Qualit\u00e4t und Langlebigkeit.<\/p>\n\t\t\t\t\t<\/div>\n\t\t\t\t\t\t<\/div>\n\t\t\t\t<\/div>\n\t\t\t\t<\/div>\n\t\t\t\t\t<\/div>\n\t\t\t\t<\/div>\n\t\t<div class=\"wd-negative-gap elementor-element elementor-element-d14197c e-flex e-con-boxed e-con e-parent\" data-id=\"d14197c\" data-element_type=\"container\" data-e-type=\"container\">\n\t\t\t\t\t<div class=\"e-con-inner\">\n\t\t\t\t<div class=\"elementor-element elementor-element-f5bcbca elementor-widget elementor-widget-wd_text_block\" data-id=\"f5bcbca\" data-element_type=\"widget\" data-e-type=\"widget\" data-widget_type=\"wd_text_block.default\">\n\t\t\t\t<div class=\"elementor-widget-container\">\n\t\t\t\t\t\t\t<div class=\"wd-text-block reset-last-child text-left\">\n\t\t\t\n\t\t\t<h3 data-pm-slice=\"1 1 []\">Warum LEDSHOPONLINE w\u00e4hlen?<\/h3><p>Wir sind kein vor\u00fcbergehender Akteur, sondern ein Pionier der LED-Beleuchtung. Im Jahr 2019 feierten wir stolz unser 10-j\u00e4hriges Jubil\u00e4um, ein Beweis f\u00fcr unsere Zuverl\u00e4ssigkeit und Kompetenz. Unsere Hausmarke YARLED verbindet jahrelange Erfahrung in der Herstellung mit hochwertiger interner Elektronik und macht unsere LED-Leuchten zu den zuverl\u00e4ssigsten auf dem Markt. Neben YARLED bieten wir ein sorgf\u00e4ltig ausgew\u00e4hltes Sortiment der besten Marken f\u00fcr LED-Lampen und -Zubeh\u00f6r an.<\/p><h3>Ausgezeichnete Garantie und Service<\/h3><p>Qualit\u00e4t und Kundenzufriedenheit stehen bei uns an erster Stelle. Im unwahrscheinlichen Fall eines Defekts bieten wir einen schnellen und kostenlosen Ersatz. Die Garantiezeit f\u00fcr jedes Produkt finden Sie in den Produktspezifikationen. Haben Sie noch Fragen? Schauen Sie in unsere FAQ oder kontaktieren Sie uns \u00fcber <a>info@ledshoponline.be<\/a>.<\/p><h3>Unser Auftrag<\/h3><p>Unsere Mission ist klar: Wir wollen die herk\u00f6mmliche Beleuchtung durch energieeffiziente und nachhaltige LED-Beleuchtung in jedem Wohnzimmer, jeder Gastst\u00e4tte, jedem B\u00fcro oder jeder Werkstatt ersetzen. LED-Beleuchtung ist nicht nur umweltfreundlicher und energieeffizienter, sondern hat auch eine l\u00e4ngere Lebensdauer und erfordert weniger Wartung. Au\u00dferdem bietet eine hochwertige LED-Lampe ein stabiles und angenehmes Licht ohne st\u00f6rendes Flackern.<\/p><h3>Unsere Werte<\/h3><p>Qualit\u00e4t und Service sind f\u00fcr uns von gr\u00f6\u00dfter Bedeutung. Davon zeugen unsere hervorragenden Bewertungen und unser langj\u00e4hriges Bestehen in dieser Branche. Wir liefern LED-Beleuchtung mit dem besten Preis-Leistungs-Verh\u00e4ltnis und garantieren Ihnen, dass Sie immer zuverl\u00e4ssig bei uns einkaufen werden.<\/p><p>F\u00fcr LED-Lampen und -Beleuchtung sind Sie bei LEDSHOPONLINE an der richtigen Adresse. Wir werden Sie nicht im Stich lassen!<\/p>\n\t\t\t\t\t<\/div>\n\t\t\t\t\t\t<\/div>\n\t\t\t\t<\/div>\n\t\t\t\t\t<\/div>\n\t\t\t\t<\/div>\n\t\t\t\t<\/div>","protected":false},"excerpt":{"rendered":"<p>ENKELE WOORDEN OVER ONS Het verhaal achter LEDshoponline Sinds 2009 brengen wij licht in LED-verlichting! LEDSHOPONLINE.BE is een gevestigde waarde<\/p>","protected":false},"author":1,"featured_media":0,"parent":0,"menu_order":0,"comment_status":"closed","ping_status":"closed","template":"","meta":{"_seopress_robots_primary_cat":"","_seopress_titles_title":"","_seopress_titles_desc":"","_seopress_robots_index":"","footnotes":""},"class_list":["post-4400","page","type-page","status-publish","hentry"],"_links":{"self":[{"href":"https:\/\/ledshoponline.be\/de\/wp-json\/wp\/v2\/pages\/4400","targetHints":{"allow":["GET"]}}],"collection":[{"href":"https:\/\/ledshoponline.be\/de\/wp-json\/wp\/v2\/pages"}],"about":[{"href":"https:\/\/ledshoponline.be\/de\/wp-json\/wp\/v2\/types\/page"}],"author":[{"embeddable":true,"href":"https:\/\/ledshoponline.be\/de\/wp-json\/wp\/v2\/users\/1"}],"replies":[{"embeddable":true,"href":"https:\/\/ledshoponline.be\/de\/wp-json\/wp\/v2\/comments?post=4400"}],"version-history":[{"count":0,"href":"https:\/\/ledshoponline.be\/de\/wp-json\/wp\/v2\/pages\/4400\/revisions"}],"wp:attachment":[{"href":"https:\/\/ledshoponline.be\/de\/wp-json\/wp\/v2\/media?parent=4400"}],"curies":[{"name":"wp","href":"https:\/\/api.w.org\/{rel}","templated":true}]}}