{"id":3,"date":"2025-03-09T19:17:36","date_gmt":"2025-03-09T19:17:36","guid":{"rendered":"https:\/\/hlncaxea.a2hosted.com\/?page_id=3"},"modified":"2025-03-10T20:05:42","modified_gmt":"2025-03-10T20:05:42","slug":"datenschutzbestimmungen","status":"publish","type":"page","link":"https:\/\/ledshoponline.be\/de\/privacy-policy\/","title":{"rendered":"Datenschutzerkl\u00e4rung"},"content":{"rendered":"<h1 class=\"wp-block-heading\">Erkl\u00e4rung zum Datenschutz<\/h1>\n\n\n\n<h2 class=\"wp-block-heading\">Datenschutz AVG - GDPR<\/h2>\n\n\n\n<p>Die f\u00fcr AVG - GDPR und andere Datenschutzgesetze und -vorschriften verantwortliche Person ist:<br>SEOboost bv - Ledshoponline.be<br>16 Musse Street<br>8553 Otegem<br>E-mail:\u00a0info@ledshoponline.be\u00a0<br>Website: ledshoponline.be<br>Gesch\u00e4ftsf\u00fchrender Direktor: Tom Noreilde<\/p>\n\n\n\n<h2 class=\"wp-block-heading\">Kontakt zu unserem Datenschutzbeauftragten?<\/h2>\n\n\n\n<p>Sie k\u00f6nnen uns \u00fcber die Datenschutzerkl\u00e4rung unter den folgenden Angaben erreichen:<br>SEOboost bv - ledshoponline.be<br>16 Musse Street<br>8553 Otegem<br>E-mail:\u00a0info@ledshoponline.be\u00a0<br>Website: ledshoponline.be<\/p>\n\n\n\n<h2 class=\"wp-block-heading\">Informationen \u00fcber die Verarbeitung Ihrer pers\u00f6nlichen Daten.<\/h2>\n\n\n\n<h4 class=\"wp-block-heading\">Was versteht man unter der \"Verarbeitung personenbezogener Daten\"?<\/h4>\n\n\n\n<p>Personenbezogene Daten im Sinne des AVG sind Daten, die sich auf die Verh\u00e4ltnisse einer Person beziehen. Dazu geh\u00f6ren z.B. Ihr Name, Ihre Adresse, Ihr Geburtsdatum, etc. Auch so genannte Identifikationsnummern gelten als Personendaten, wenn sie einer Person zugeordnet werden k\u00f6nnen. Identifikationsnummern sind z.B. Ihre Telefonnummer, Ihre Kundennummer, Ihre E-Mail-Adresse, Ihre Bankkontonummer, Ihre Kreditkartennummer und die IP-Adresse Ihres Computers. Wenn solche Daten unkenntlich gemacht werden und nicht mehr mit Ihrer Person in Verbindung gebracht werden k\u00f6nnen (dies wird auch als Anonymisierung bezeichnet), gelten sie nicht mehr als personenbezogene Daten. Die Verarbeitung personenbezogener Daten umfasst alles, was mit den Informationen gemacht werden kann, wie das Sammeln, Speichern, Anpassen, \u00c4ndern, Abrufen, \u00dcbertragen, Verkn\u00fcpfen oder L\u00f6schen.<\/p>\n\n\n\n<h4 class=\"wp-block-heading\">2. Wir verarbeiten Ihre Daten stets nach den Regeln des Artikel 6 AVG<\/h4>\n\n\n\n<p>Die Verarbeitung personenbezogener Daten ist nur dann zul\u00e4ssig, wenn es daf\u00fcr eine Rechtsgrundlage gibt, z. B. wenn Sie uns Ihre Einwilligung gegeben haben, wenn Sie bei uns einkaufen m\u00f6chten oder wenn wir ein berechtigtes Interesse an der Verarbeitung Ihrer personenbezogenen Daten nachweisen k\u00f6nnen. Wir verarbeiten Ihre personenbezogenen Daten zur Abwicklung einer Bestellung, die Sie in unserem Online-Shop aufgegeben haben (d.h. wenn Sie einen Kaufvertrag mit uns abschlie\u00dfen). Dazu geh\u00f6ren z.B. Informationen dar\u00fcber, welche Artikel Sie (auch tempor\u00e4r) in den Warenkorb gelegt haben und welche Artikel Sie zu welchem Zeitpunkt bestellt haben. Wenn Sie einwilligen und uns Ihre Zustimmung erteilen, werden wir auch weitere Informationen \u00fcber Sie sammeln und verarbeiten. Dazu geh\u00f6ren z.B. Daten dar\u00fcber, wie Sie unsere Website besuchen und nutzen und \u00fcber Ihr Abonnement unseres Newsletters. Diese zus\u00e4tzlichen Informationen erm\u00f6glichen es uns, die Qualit\u00e4t unserer Website und unseres Service zu verbessern. In jedem Fall ben\u00f6tigen wir Ihre Zustimmung (oder haben sie bereits eingeholt) f\u00fcr alle Vorg\u00e4nge, die \u00fcber die eigentliche Bearbeitung einer Bestellung hinausgehen, wie z. B.:<\/p>\n\n\n\n<ul class=\"wp-block-list\">\n<li>Versenden unseres Newsletters<\/li>\n<\/ul>\n\n\n\n<p>Wir k\u00f6nnen Ihre personenbezogenen Daten ohne Ihre Zustimmung verarbeiten, wenn eine vorherige Zustimmung aus triftigen Gr\u00fcnden nicht m\u00f6glich ist, die Verarbeitung Ihrer Daten jedoch gesetzlich zul\u00e4ssig ist. Es gibt auch andere F\u00e4lle, in denen wir Ihre personenbezogenen Daten ohne Ihre Einwilligung verarbeiten. Dies geschieht dann auf Grund von berechtigten Interessen unseres Unternehmens oder von Interessen eines Dritten (Art. 6 Abs. 1 lit. f AVG). In den folgenden F\u00e4llen liegt beispielsweise ein berechtigtes Interesse unseres Unternehmens vor:<\/p>\n\n\n\n<ul class=\"wp-block-list\">\n<li>Versand von Newslettern an bestehende Kunden<\/li>\n\n\n\n<li>Weitergabe Ihrer Adresse an Dritte oder Tochtergesellschaften unseres Unternehmens zu Werbezwecken<\/li>\n\n\n\n<li>Versand von Katalogen<\/li>\n<\/ul>\n\n\n\n<p>Wenn wir diese berechtigten Interessen geltend machen wollen, m\u00fcssen wir nach dem AVG zun\u00e4chst pr\u00fcfen, ob Ihre pers\u00f6nlichen Rechte und Freiheiten nicht beeintr\u00e4chtigt werden.<\/p>\n\n\n\n<h4 class=\"wp-block-heading\">3. Wir speichern Ihre Daten nicht l\u00e4nger als n\u00f6tig<\/h4>\n\n\n\n<p>Ihre personenbezogenen Daten werden gel\u00f6scht, wenn wir sie nicht mehr ben\u00f6tigen und keine der vorgenannten Rechtsgrundlagen mehr besteht. In bestimmten F\u00e4llen k\u00f6nnen uns gesetzliche Verpflichtungen dazu verpflichten, Ihre personenbezogenen Daten dennoch aufzubewahren. Wenn wir Ihre Daten aus anderen Gr\u00fcnden l\u00e4nger aufbewahren, z. B. um unseren Service zu verbessern, werden wir dies nur tun, wenn Sie uns Ihre Einwilligung gegeben haben oder wenn wir ein berechtigtes Interesse daran haben. Wenn wir Ihre personenbezogenen Daten aus technischen Gr\u00fcnden nicht l\u00f6schen k\u00f6nnen, werden Ihre Daten in jedem Fall von der weiteren Verarbeitung ausgeschlossen (\"gesperrt\").<\/p>\n\n\n\n<h4 class=\"wp-block-heading\">4. Datenschutz: Daten\u00fcbertragung \u00fcber eine sichere SSL-Verbindung<\/h4>\n\n\n\n<p>Wir sind uns bewusst, dass der Schutz Ihrer Daten beim Online-Einkauf f\u00fcr Sie wichtig ist. Deshalb werden Ihre pers\u00f6nlichen Daten (Adresse, Kundennummer, Bestelldaten, etc.) bei uns mit der sogenannten SSL-Technik (Secure Socket Layer SSL 3.0, RC4 mit 128 Bit Verschl\u00fcsselung (hoch), RSA 1024 Bit, je nach verwendetem Browser) verschl\u00fcsselt \u00fcbertragen. Dies verhindert, dass unberechtigte Dritte auf Ihre Daten zugreifen k\u00f6nnen. Sie erkennen die sichere Verbindung in Ihrem Browser an den folgenden beiden Punkten: Vor der Webadresse steht \"https: \/\/ ...\" statt \"http: \/\/ ...\" und es wird ein geschlossenes Vorh\u00e4ngeschloss angezeigt. M\u00f6chten Sie mehr Informationen \u00fcber unser SSL-Zertifikat? Dann klicken Sie doppelt auf das angezeigte Vorh\u00e4ngeschloss in Ihrem Browser.<\/p>\n\n\n\n<h2 class=\"wp-block-heading\">Ihre Rechte.<\/h2>\n\n\n\n<p>Wenn wir Ihre personenbezogenen Daten verarbeiten, haben Sie, sofern Sie sich identifizieren k\u00f6nnen, nach dem AVG mehrere Rechte gegen\u00fcber uns.<\/p>\n\n\n\n<h4 class=\"wp-block-heading\">1. Recht auf Einsichtnahme<\/h4>\n\n\n\n<p>Sie k\u00f6nnen uns fragen, ob wir personenbezogene Daten \u00fcber Sie verarbeiten. Wenn dies der Fall ist, k\u00f6nnen Sie nach dem AVG von uns Auskunft \u00fcber Folgendes verlangen: (1) die Zwecke, f\u00fcr die Ihre personenbezogenen Daten verarbeitet werden; (2) die Kategorien der verarbeiteten personenbezogenen Daten; (3) die Empf\u00e4nger oder Kategorien von Empf\u00e4ngern, an die Ihre personenbezogenen Daten weitergegeben wurden oder sp\u00e4ter weitergegeben werden; (4) die geplante Dauer der Speicherung Ihrer personenbezogenen Daten oder, falls diesbez\u00fcglich keine spezifischen Informationen vorliegen, die Kriterien f\u00fcr die Festlegung der Dauer der Speicherung; (5) das Recht, die Berichtigung oder L\u00f6schung Ihrer personenbezogenen Daten zu verlangen, das Recht, die Verarbeitung Ihrer personenbezogenen Daten einzuschr\u00e4nken, und das Widerspruchsrecht (6) das Recht auf Beschwerde bei einer Aufsichtsbeh\u00f6rde; (7) alle verf\u00fcgbaren Informationen \u00fcber die Herkunft Ihrer personenbezogenen Daten, es sei denn, Sie haben Ihre personenbezogenen Daten selbst zur Verf\u00fcgung gestellt; (8) automatisierte Entscheidungsfindung und Profiling gem\u00e4\u00df \u00a7 22 Abs. 1 und 4 AVG und, sofern dies der Fall ist, zweckdienliche Informationen \u00fcber die zugrunde liegende Logik sowie die Auswirkungen und voraussichtlichen Folgen der automatisierten Entscheidungsfindung und des Profilings f\u00fcr Sie. Sie haben das Recht, Informationen dar\u00fcber zu verlangen, ob Ihre personenbezogenen Daten in Drittl\u00e4nder (d.h. L\u00e4nder, die nicht Mitglied der Europ\u00e4ischen Union sind) oder an internationale Organisationen \u00fcbermittelt werden. Sollte dies der Fall sein, haben Sie das Recht, \u00fcber die \u00dcbermittlung personenbezogener Daten gem\u00e4\u00df Artikel 46 AVG informiert zu werden. 2.  Recht auf Berichtigung Sie haben das Recht, Ihre personenbezogenen Daten zu berichtigen und\/oder zu erg\u00e4nzen, wenn die Daten unrichtig oder unvollst\u00e4ndig sind. Wir werden die Berichtigung und\/oder Erg\u00e4nzung unverz\u00fcglich vornehmen. 3.  Recht auf Einschr\u00e4nkung der Verarbeitung Ihrer personenbezogenen Daten In bestimmten F\u00e4llen k\u00f6nnen Sie die Einschr\u00e4nkung der Verarbeitung Ihrer personenbezogenen Daten verlangen: (1) Wenn Sie die Richtigkeit Ihrer personenbezogenen Daten bestreiten, kann die Verarbeitung Ihrer Daten f\u00fcr einen bestimmten Zeitraum eingeschr\u00e4nkt werden, um uns Zeit zu geben, die Richtigkeit Ihrer personenbezogenen Daten zu \u00fcberpr\u00fcfen; (2) wenn die Verarbeitung Ihrer personenbezogenen Daten unrechtm\u00e4\u00dfig ist und Sie nicht m\u00f6chten, dass Ihre personenbezogenen Daten gel\u00f6scht werden, k\u00f6nnen Sie stattdessen die Einschr\u00e4nkung der Verarbeitung Ihrer personenbezogenen Daten verlangen (3) wenn wir Ihre personenbezogenen Daten f\u00fcr die Verarbeitung nicht mehr ben\u00f6tigen, Sie sie aber aufgrund eines Rechtsanspruchs ben\u00f6tigen; (4) wenn Sie Widerspruch gegen die Verarbeitung eingelegt haben und noch nicht feststeht, ob die Gr\u00fcnde unseres Unternehmens die Ihren \u00fcberwiegen. Wenn die Verarbeitung Ihrer personenbezogenen Daten eingeschr\u00e4nkt ist, werden die Daten, mit Ausnahme ihrer Speicherung, nur mit Ihrer Einwilligung, aufgrund eines Rechtsanspruchs oder zum Schutz der Rechte einer anderen nat\u00fcrlichen oder juristischen Person verarbeitet. Wenn die Verarbeitung Ihrer Daten durch uns eingeschr\u00e4nkt wird, werden Sie von uns benachrichtigt, bevor die Einschr\u00e4nkung aufgehoben wird.<\/p>\n\n\n\n<h4 class=\"wp-block-heading\">4. Recht auf Datenl\u00f6schung (\"Recht auf Vergessenwerden\")<\/h4>\n\n\n\n<p>In bestimmten F\u00e4llen k\u00f6nnen Sie uns auffordern, Ihre personenbezogenen Daten unverz\u00fcglich zu l\u00f6schen. Wir sind verpflichtet, die Daten in den folgenden F\u00e4llen unverz\u00fcglich zu l\u00f6schen. (1) Die personenbezogenen Daten sind f\u00fcr die Zwecke, f\u00fcr die sie erhoben oder anderweitig verarbeitet wurden, nicht mehr erforderlich; (2) Sie haben Ihre Einwilligung widerrufen (siehe unten), oder es gibt keine andere Rechtsgrundlage f\u00fcr die Verarbeitung Ihrer personenbezogenen Daten; (3) Sie haben Widerspruch gegen die Verarbeitung Ihrer personenbezogenen Daten eingelegt (siehe unten), und es liegen keine berechtigten Gr\u00fcnde f\u00fcr die Verarbeitung vor; (4) wir haben Ihre personenbezogenen Daten unrechtm\u00e4\u00dfig verarbeitet; (5) die personenbezogenen Daten m\u00fcssen gel\u00f6scht werden, um einer im Unionsrecht oder im Recht der Mitgliedstaaten beschriebenen rechtlichen Verpflichtung nachzukommen. Wenn wir Ihre personenbezogenen Daten offengelegt haben und sie l\u00f6schen m\u00fcssen, m\u00fcssen wir Ma\u00dfnahmen ergreifen, um andere Unternehmen, die Ihre personenbezogenen Daten verarbeiten, dar\u00fcber zu informieren, dass Sie uns aufgefordert haben, Ihre personenbezogenen Daten (und alle Kopien davon) zu l\u00f6schen, wobei die verf\u00fcgbaren Technologien und die Implementierungskosten zu ber\u00fccksichtigen sind (\"Recht auf L\u00f6schung\"). Das Recht auf Datenl\u00f6schung besteht nicht, wenn die Verarbeitung Ihrer personenbezogenen Daten erforderlich ist: (1) f\u00fcr die Aus\u00fcbung des Rechts auf freie Meinungs\u00e4u\u00dferung und Information; (2) zur Erf\u00fcllung einer rechtlichen Verpflichtung zur Verarbeitung, die im Unionsrecht oder im Recht der Mitgliedstaaten festgelegt ist und dem f\u00fcr die Verarbeitung Verantwortlichen obliegt, oder zur Wahrnehmung einer Aufgabe, die im \u00f6ffentlichen Interesse liegt oder in Aus\u00fcbung \u00f6ffentlicher Gewalt erfolgt, die dem f\u00fcr die Verarbeitung Verantwortlichen \u00fcbertragen wurde; (3) aus Gr\u00fcnden des \u00f6ffentlichen Interesses im Bereich der \u00f6ffentlichen Gesundheit gem\u00e4\u00df Artikel 9 Absatz 2 Buchstaben h) und i) und Artikel 9 Absatz 3 AVG; (4) aufgrund eines Rechtsanspruchs.<\/p>\n\n\n\n<h4 class=\"wp-block-heading\">5. Recht auf Unterrichtung Dritter \u00fcber die Berichtigung oder L\u00f6schung personenbezogener Daten oder die Einschr\u00e4nkung ihrer Verarbeitung<\/h4>\n\n\n\n<p>Wenn Sie das Recht auf Berichtigung, L\u00f6schung oder Einschr\u00e4nkung der von Ihnen bereitgestellten personenbezogenen Daten ausge\u00fcbt haben, sind wir verpflichtet, alle Dritten, denen wir Ihre personenbezogenen Daten bereitgestellt haben, \u00fcber diese \u00c4nderung, L\u00f6schung oder Einschr\u00e4nkung zu informieren, es sei denn, dies erweist sich als unm\u00f6glich oder ist mit einem unverh\u00e4ltnism\u00e4\u00dfigen Aufwand verbunden. Sie haben auch das Recht, von uns \u00fcber diese Dritten informiert zu werden.<\/p>\n\n\n\n<h4 class=\"wp-block-heading\">6. Recht auf Daten\u00fcbertragbarkeit<\/h4>\n\n\n\n<p>Sie haben das Recht, die personenbezogenen Daten, die Sie uns zur Verf\u00fcgung gestellt haben, in einer strukturierten, g\u00e4ngigen und maschinenlesbaren Form zu erhalten. Sie haben auch das Recht, diese Informationen an ein anderes Unternehmen zu \u00fcbermitteln, soweit dies technisch m\u00f6glich ist. Freiheiten und Rechte anderer Personen d\u00fcrfen dabei nicht beeintr\u00e4chtigt werden.<\/p>\n\n\n\n<h4 class=\"wp-block-heading\">7. Recht auf Einspruch<\/h4>\n\n\n\n<p>Sie haben das Recht, der Verarbeitung Ihrer personenbezogenen Daten aus Gr\u00fcnden, die sich aus Ihrer besonderen Situation ergeben, zu widersprechen, ohne dass Ihnen hierf\u00fcr Kosten entstehen. Dies gilt auch f\u00fcr das Profiling und die E-Mails, die wir an bestehende Kunden senden. Wir werden die Verarbeitung Ihrer personenbezogenen Daten einstellen, es sei denn, es liegen zwingende schutzw\u00fcrdige Gr\u00fcnde vor, die Ihre Interessen, Rechte und Freiheiten \u00fcberwiegen, oder die Verarbeitung Ihrer personenbezogenen Daten ist aufgrund eines Rechtsanspruchs erforderlich. Werden Ihre personenbezogenen Daten f\u00fcr Zwecke der Direktwerbung verarbeitet, so haben Sie das Recht, jederzeit Widerspruch gegen die Verarbeitung Ihrer personenbezogenen Daten zum Zwecke derartiger Werbung einzulegen; dies gilt auch f\u00fcr das Profiling, soweit es mit solcher Direktwerbung in Verbindung steht. Wenn Sie der Verarbeitung f\u00fcr Zwecke der Direktwerbung widersprechen, werden Ihre personenbezogenen Daten nicht mehr f\u00fcr diese Zwecke verarbeitet.<\/p>\n\n\n\n<h4 class=\"wp-block-heading\">8. Recht auf Widerruf der Zustimmung zur Datenverarbeitung<\/h4>\n\n\n\n<p>Sie haben das Recht, Ihre Einwilligung zur Verarbeitung Ihrer personenbezogenen Daten jederzeit zu widerrufen. Durch den Widerruf der Einwilligung wird die Rechtm\u00e4\u00dfigkeit der aufgrund der Einwilligung bis zum Widerruf erfolgten Verarbeitung nicht ber\u00fchrt.<\/p>\n\n\n\n<h4 class=\"wp-block-heading\">9. Automatisierte individuelle Entscheidungsfindung, einschlie\u00dflich Profiling<\/h4>\n\n\n\n<p>Sie haben das Recht, nicht einer ausschlie\u00dflich auf einer automatisierten Verarbeitung - einschlie\u00dflich Profiling - beruhenden Entscheidung unterworfen zu werden, die Ihnen gegen\u00fcber rechtliche Wirkung entfaltet oder Sie in anderer Weise erheblich beeintr\u00e4chtigt. Dies gilt nicht, wenn die Entscheidung: (1) f\u00fcr die Begr\u00fcndung oder Erf\u00fcllung eines Vertrags zwischen Ihnen und uns erforderlich ist (2) aufgrund einer f\u00fcr uns geltenden Rechtsvorschrift der Union oder eines Mitgliedstaats zul\u00e4ssig ist, die auch angemessene Ma\u00dfnahmen zum Schutz Ihrer Rechte, Freiheiten und berechtigten Interessen vorsieht (3) auf Ihrer ausdr\u00fccklichen Einwilligung beruht In den unter (1) und (3) genannten F\u00e4llen werden wir angemessene Ma\u00dfnahmen zum Schutz Ihrer Rechte, Freiheiten und berechtigten Interessen ergreifen. So haben Sie beispielsweise das Recht auf menschliche Intervention, das Recht, Ihren Standpunkt darzulegen, und das Recht, die Entscheidung anzufechten.<\/p>\n\n\n\n<h4 class=\"wp-block-heading\">10. Recht auf Widerspruch bei der Aufsichtsbeh\u00f6rde<\/h4>\n\n\n\n<p>Sie haben das Recht auf Beschwerde bei einer Aufsichtsbeh\u00f6rde, insbesondere in dem Mitgliedstaat, in dem Sie Ihren gew\u00f6hnlichen Aufenthalt haben, in dem sich Ihr Arbeitsplatz befindet oder in dem der mutma\u00dfliche Versto\u00df stattgefunden hat, wenn Sie der Ansicht sind, dass die Verarbeitung Ihrer personenbezogenen Daten gegen die Bestimmungen des AVG verst\u00f6\u00dft.<\/p>\n\n\n\n<h2 class=\"wp-block-heading\">Cookies<\/h2>\n\n\n\n<p>Ledshoponline - BVBA Seoboost verwendet Cookies auf unseren Websites. Wir tun dies, um unsere Websites zu analysieren und sie optimal funktionieren zu lassen, um unsere Dienstleistungen zu verbessern, f\u00fcr soziale Medien und um relevante Werbung auf anderen Websites zu zeigen.<\/p>\n\n\n\n<h3 class=\"wp-block-heading\">Was sind Cookies?<\/h3>\n\n\n\n<p>Cookies sind kleine Textdateien, die von einer Internetseite vor\u00fcbergehend auf Ihrem PC, Tablet oder Mobiltelefon abgelegt werden. Die folgenden Webseiten setzen Cookies oder \u00e4hnliche Techniken ein:<\/p>\n\n\n\n<blockquote class=\"wp-block-quote is-layout-flow wp-block-quote-is-layout-flow\">\n<p><a href=\"https:\/\/ledshoponline.be\/de\/\">Home<\/a><\/p>\n<\/blockquote>\n\n\n\n<p>Nachstehend k\u00f6nnen Sie nachlesen, welche Cookies wir verwenden und welche Funktionen sie haben.<\/p>\n\n\n\n<h3 class=\"wp-block-heading\">Funktionale Cookies<\/h3>\n\n\n\n<p>Dank dieser Cookies m\u00fcssen Sie nicht jedes Mal die gleichen Informationen eingeben oder herunterladen, wenn Sie zu uns zur\u00fcckkehren. Denken Sie an das Speichern von Produkten in Ihrem Einkaufswagen oder an die Erinnerung an ein Login. Auch die Chat-Funktion mit unserem Service Desk wird durch Cookies erm\u00f6glicht.&nbsp;<a href=\"https:\/\/www.tawk.to\/privacy-policy\/\" target=\"_blank\" rel=\"noreferrer noopener\">Tawk Chat (nach der Sitzung gel\u00f6scht)<\/a><\/p>\n\n\n\n<h3 class=\"wp-block-heading\">Analytische Cookies<\/h3>\n\n\n\n<p>Ledshoponline verwendet Google Analytics, um die Nutzung der Websites zu untersuchen, um einen Einblick zu erhalten, wie und wie oft Websites und Seiten besucht werden. Diese Informationen erm\u00f6glichen es Ledshoponline, Anpassungen und Verbesserungen vorzunehmen, und Ledshoponline stellt sicher, dass die Websites weiterhin optimal funktionieren. Ledshoponline verarbeitet anonyme Statistiken \u00fcber die Besuche auf den Websites.&nbsp;<a href=\"https:\/\/policies.google.com\/privacy?hl=nl\" target=\"_blank\" rel=\"noreferrer noopener\">Google Analytics (30 Tage)<\/a><\/p>\n\n\n\n<h3 class=\"wp-block-heading\">Marketing-Cookies<\/h3>\n\n\n\n<p>Ledshoponline verwendet Cookies von Google und Facebook f\u00fcr Marketingzwecke. Diese Cookies erm\u00f6glichen es uns, unsere Werbung auf Partnerseiten und in sozialen Medien anzuzeigen. Besucher, die zuvor Interesse an unseren Produkten oder Dienstleistungen gezeigt haben, sehen m\u00f6glicherweise Angebote von Ledshoponline auf anderen Websites.&nbsp;<a href=\"https:\/\/policies.google.com\/privacy?hl=nl\" target=\"_blank\" rel=\"noreferrer noopener\">Google Doubleclick (18 Monate)<\/a><a href=\"https:\/\/www.facebook.com\/policies\/cookies\/\" target=\"_blank\" rel=\"noreferrer noopener\">Facebook (maximal 2 Jahre)<\/a><\/p>\n\n\n\n<h3 class=\"wp-block-heading\">W\u00fcrden Sie lieber keine Kekse essen?<\/h3>\n\n\n\n<p>Cookies lassen sich leicht \u00fcber Ihren Browser l\u00f6schen. Bitte beachten Sie, dass Websites ohne Cookies m\u00f6glicherweise nicht optimal funktionieren. Nachstehend finden Sie eine Liste der am h\u00e4ufigsten verwendeten Browser und einen Link zu weiteren Erl\u00e4uterungen zum L\u00f6schen von Cookies:<\/p>\n\n\n\n<ul class=\"wp-block-list\">\n<li><a href=\"https:\/\/support.google.com\/chrome\/answer\/95647?hl=nl\" target=\"_blank\" rel=\"noreferrer noopener\">Google Chrome<\/a><\/li>\n\n\n\n<li><a href=\"https:\/\/support.mozilla.org\/nl\/kb\/cookies-informatie-websites-computer-opgeslagen?redirectlocale=nlu0026amp;redirectslug=cookies-informatie-websites-op-uw-computer-opslaan\" target=\"_blank\" rel=\"noreferrer noopener\">Mozilla Firefox<\/a><\/li>\n\n\n\n<li><a href=\"https:\/\/support.microsoft.com\/nl-nl\/help\/17442\/windows-internet-explorer-delete-manage-cookies\" target=\"_blank\" rel=\"noreferrer noopener\">Internet Explorer 7 und 8<\/a><\/li>\n\n\n\n<li><a href=\"https:\/\/support.microsoft.com\/nl-nl\/products\/windows?os=windows-10\" target=\"_blank\" rel=\"noreferrer noopener\">Internet Explorer 9<\/a><\/li>\n\n\n\n<li><a href=\"https:\/\/www.apple.com\/legal\/privacy\/nl\/cookies\/\" target=\"_blank\" rel=\"noreferrer noopener\">Safari<\/a><\/li>\n<\/ul>\n\n\n\n<p>Otegem, April 2024 SEOboost bv<\/p>","protected":false},"excerpt":{"rendered":"<p>Privacy Statement Privacy AVG \u2013 GDPR De verantwoordelijke inzake de AVG \u2013 GDPR en andere privacywetten en \u2013bepalingen is:SEOboost bv<\/p>","protected":false},"author":1,"featured_media":0,"parent":0,"menu_order":0,"comment_status":"closed","ping_status":"open","template":"","meta":{"_seopress_robots_primary_cat":"","_seopress_titles_title":"","_seopress_titles_desc":"","_seopress_robots_index":"","footnotes":""},"class_list":["post-3","page","type-page","status-publish","hentry"],"_links":{"self":[{"href":"https:\/\/ledshoponline.be\/de\/wp-json\/wp\/v2\/pages\/3","targetHints":{"allow":["GET"]}}],"collection":[{"href":"https:\/\/ledshoponline.be\/de\/wp-json\/wp\/v2\/pages"}],"about":[{"href":"https:\/\/ledshoponline.be\/de\/wp-json\/wp\/v2\/types\/page"}],"author":[{"embeddable":true,"href":"https:\/\/ledshoponline.be\/de\/wp-json\/wp\/v2\/users\/1"}],"replies":[{"embeddable":true,"href":"https:\/\/ledshoponline.be\/de\/wp-json\/wp\/v2\/comments?post=3"}],"version-history":[{"count":0,"href":"https:\/\/ledshoponline.be\/de\/wp-json\/wp\/v2\/pages\/3\/revisions"}],"wp:attachment":[{"href":"https:\/\/ledshoponline.be\/de\/wp-json\/wp\/v2\/media?parent=3"}],"curies":[{"name":"wp","href":"https:\/\/api.w.org\/{rel}","templated":true}]}}